{"id":16474,"date":"2017-04-15T17:38:58","date_gmt":"2017-04-15T15:38:58","guid":{"rendered":"http:\/\/www.ammanu.com\/about-ammanu\/"},"modified":"2017-04-15T17:46:43","modified_gmt":"2017-04-15T15:46:43","slug":"about-ammanu","status":"publish","type":"page","link":"https:\/\/www.ammanu.com\/de\/about-ammanu\/","title":{"rendered":"\u00dcber AMMANU"},"content":{"rendered":"<section class=\"wpb-content-wrapper\"><p>[vc_row css_animation=&#8220;&#8220; row_type=&#8220;row&#8220; use_row_as_full_screen_section=&#8220;no&#8220; type=&#8220;grid&#8220; angled_section=&#8220;no&#8220; text_align=&#8220;left&#8220; background_image_as_pattern=&#8220;without_pattern&#8220; padding_top=&#8220;90&#8243; padding_bottom=&#8220;85&#8243; el_class=&#8220;theagency_image_txt_over&#8220;][vc_column width=&#8220;1\/2&#8243;][vc_row_inner row_type=&#8220;row&#8220; type=&#8220;full_width&#8220; text_align=&#8220;left&#8220; css_animation=&#8220;element_from_bottom&#8220; transition_delay=&#8220;500&#8243;][vc_column_inner]<div class=\"q_image_with_text_over\"><div class=\"shader\" style = \"background-color: rgba(255,255,255,0.8)\"><\/div><img itemprop=\"image\" src=\"https:\/\/www.ammanu.com\/wp-content\/uploads\/2015\/05\/02-about-02.jpg\" alt=\"Billige (Einweg-) Produkte dominieren immer noch den Markt. Das muss sich schnell \u00e4ndern\" \/><div class=\"text\"><table><tr><td><h5 class=\"caption no_icon\" style=\"color: #473617;font-size: 22px;\">Billige (Einweg-) Produkte dominieren immer noch den Markt. Das muss sich schnell \u00e4ndern<\/h5><\/td><\/tr><\/table><table><tr><td><div class=\"desc\"><\/div><\/td><\/tr><\/table><\/div><\/div>[\/vc_column_inner][\/vc_row_inner][\/vc_column][vc_column width=&#8220;1\/2&#8243;][vc_row_inner row_type=&#8220;row&#8220; type=&#8220;full_width&#8220; text_align=&#8220;left&#8220; css_animation=&#8220;element_from_bottom&#8220; transition_delay=&#8220;200&#8243;][vc_column_inner]<div class=\"q_image_with_text_over\"><div class=\"shader\" style = \"background-color: rgba(255,255,255,0.8)\"><\/div><img itemprop=\"image\" src=\"https:\/\/www.ammanu.com\/wp-content\/uploads\/2015\/05\/02-about-01.jpg\" alt=\"Es gibt einen anderen Weg, mit dem Wissen und Techniken von heute\" \/><div class=\"text\"><table><tr><td><h5 class=\"caption no_icon\" style=\"color: #473617;font-size: 22px;\">Es gibt einen anderen Weg, mit dem Wissen und Techniken von heute<\/h5><\/td><\/tr><\/table><table><tr><td><div class=\"desc\"><\/div><\/td><\/tr><\/table><\/div><\/div>[\/vc_column_inner][\/vc_row_inner][\/vc_column][\/vc_row][vc_row css_animation=&#8220;&#8220; row_type=&#8220;row&#8220; use_row_as_full_screen_section=&#8220;no&#8220; type=&#8220;grid&#8220; angled_section=&#8220;no&#8220; text_align=&#8220;left&#8220; background_image_as_pattern=&#8220;without_pattern&#8220;][vc_column offset=&#8220;vc_col-lg-offset-1 vc_col-lg-10&#8243;][vc_column_text]<\/p>\n<h1 style=\"text-align: center;\">\u00dcber AMMANU<\/h1>\n<p>[\/vc_column_text][vc_separator type=&#8220;small&#8220; position=&#8220;center&#8220; color=&#8220;#f16421&#8243;][vc_column_text]<\/p>\n<h2 style=\"text-align: center;\">Warum?<\/h2>\n<p>[\/vc_column_text][vc_column_text]<\/p>\n<p style=\"text-align: center;\">AMMANU hat den Ehrgeiz ,der\u2018 nachhaltige LED-Hersteller in Europa und dar\u00fcber hinaus zu werden. Billige (Einweg)produkte dominieren immer noch den Markt. Das muss sich \u00e4ndern, denn die Welt verschmutzt in einem rasantem Tempo. Durch heutiges Wissen und Techniken geht es auch anders. Also, warum w\u00fcrden Sie als Entwickler und LED-Hersteller nicht etwas schaffen wollen, das nicht nur eine optimale Lichtqualit\u00e4t bietet und unzerst\u00f6rbar ist, aber auch g\u00e4nzlich wiederverwendbar ist? Vor allem, wenn Ihr wichtigster Ausgangspunkt darin besteht, an einer saubereren Welt beitragen zu wollen?<\/p>\n<p style=\"text-align: center;\">Diese Frage wurde die Mission von AMMANU.<\/p>\n<p>[\/vc_column_text][vc_empty_space height=&#8220;64px&#8220;][\/vc_column][\/vc_row][vc_row css_animation=&#8220;&#8220; row_type=&#8220;row&#8220; use_row_as_full_screen_section=&#8220;no&#8220; type=&#8220;grid&#8220; angled_section=&#8220;no&#8220; text_align=&#8220;left&#8220; background_image_as_pattern=&#8220;without_pattern&#8220;][vc_column offset=&#8220;vc_col-lg-offset-1 vc_col-lg-10&#8243;][vc_column_text]<\/p>\n<h2 style=\"text-align: center;\">Was<\/h2>\n<p>[\/vc_column_text][vc_column_text]<\/p>\n<p style=\"text-align: center;\">Aus dieser Mission entwickelte AMMANU eine LED-Beleuchtung mit einer langen Lebensdauer, die au\u00dferdem wiederverwendet werden kann. LED-Leuchten, die energieeffizient, fast wartungsfrei und umweltfreundlich sind unter guten Arbeitsbedingungen hergestellt werden. Au\u00dferdem bietet sie eine optimale, dynamische Beleuchtung ohne Flackern an, abgestimmt auf den Biorhythmus des Menschen. Sie ist einfach programmiert und im Einklang mit der einzigartigen Umgebung und dem Lichtbedarf der Zielgruppe. Eine Beleuchtung, die die Wohn-, Arbeits-, Pflege-, Lern- und Erholungsbedingungen, kurz gesagt das Leben, stark verbessert.<\/p>\n<p>[\/vc_column_text][vc_empty_space height=&#8220;64px&#8220;][\/vc_column][\/vc_row][vc_row css_animation=&#8220;&#8220; row_type=&#8220;row&#8220; use_row_as_full_screen_section=&#8220;no&#8220; type=&#8220;grid&#8220; angled_section=&#8220;no&#8220; text_align=&#8220;left&#8220; background_image_as_pattern=&#8220;without_pattern&#8220;][vc_column offset=&#8220;vc_col-lg-offset-1 vc_col-lg-10&#8243;][vc_column_text]<\/p>\n<h2 style=\"text-align: center;\">Wie<\/h2>\n<p>[\/vc_column_text][vc_column_text]<\/p>\n<p style=\"text-align: center;\">AMMANU produziert und entwickelt ihre LED-Beleuchtung in Europa in eigener Regie. Damit kann die Qualit\u00e4t von Anfang bis Ende \u00fcberwacht werden. AMMANU verwendet bei der Entwicklung innovative Wege um Strom-, Wartungs- und Ersatzkosten zu sparen als auch die optimale Lichtqualit\u00e4t zu garantieren. Die Produktion steht im Zeichen der unzerst\u00f6rbaren Cradle-to-Cradle-LED-Armaturen mit einer perfekten Lichtleistung zu einem guten Preis. Wissensaustausch und Partnerschaft sind unser Ausgangspunkt. Gemeinsam mit unseren Kunden entwickeln wir intelligente und optimale L\u00f6sungen f\u00fcr ihre Beleuchtungsprobleme. Da Investitionen in LED nicht f\u00fcr jede Organisation, die Nachhaltigkeit anstreben, finanzierbar sind, bietet AMMANU die M\u00f6glichkeit um LED-Beleuchtung zu leasen.<\/p>\n<p>[\/vc_column_text][vc_empty_space height=&#8220;64px&#8220;][\/vc_column][\/vc_row][vc_row row_type=&#8220;parallax&#8220; parallax_content_width=&#8220;in_grid&#8220; text_align=&#8220;left&#8220; background_image=&#8220;15578&#8243; full_screen_section_height=&#8220;no&#8220;][vc_column][vc_empty_space height=&#8220;100px&#8220;][vc_column_text]<\/p>\n<h2 style=\"text-align: center;\"><span style=\"color: #ffffff;\">Geschichte und Zukunft<\/span><\/h2>\n<p>[\/vc_column_text][vc_empty_space height=&#8220;100px&#8220;][\/vc_column][\/vc_row][vc_row css_animation=&#8220;&#8220; row_type=&#8220;row&#8220; use_row_as_full_screen_section=&#8220;no&#8220; type=&#8220;full_width&#8220; angled_section=&#8220;no&#8220; text_align=&#8220;left&#8220; background_image_as_pattern=&#8220;without_pattern&#8220; background_color=&#8220;#eceded&#8220;][vc_column el_class=&#8220;black&#8220;][vc_row_inner row_type=&#8220;row&#8220; type=&#8220;grid&#8220; text_align=&#8220;left&#8220; css_animation=&#8220;&#8220;][vc_column_inner][vc_empty_space height=&#8220;50px&#8220;][vc_column_text]<\/p>\n<h4 style=\"text-align: center;\"><span style=\"color: #f16421;\">Wie alles begann<\/span><\/h4>\n<p>[\/vc_column_text][vc_column_text]<\/p>\n<p style=\"text-align: center;\">Die Geschichte von AMMANU beginnt im Jahr 2010. Die alten Freunde Niels Leijten und Michel Schrijvers reisen regelm\u00e4\u00dfig zusammen und machen mehrere Tauchausfl\u00fcge. Die Sch\u00f6nheit der Unterwasserwelt bringt sie zu besonderen Orten. Gerade in den Meeren und Ozeanen ist gut zu sehen, dass die Welt in einem schnellen Tempo verschmutzt. W\u00e4hrend ihrer Asienreisen wurden sie mit Kindern konfrontiert, die t\u00e4glich zw\u00f6lf Stunden im Quecksilber-Bergbau arbeiteten. Arbeitszeiten und Bedingungen, die bei uns bereits seit Anfang des 20. Jahrhunderts undenkbar sind. In Asien ist dies leider immer noch weit verbreitet, um unseren Bedarf an billigen Produkten, voll von Giftstoffen, zu decken. Substanzen, die letztendlich in unser Milieu kommen und unsere Gesundheit gef\u00e4hrden.<\/p>\n<p>[\/vc_column_text][\/vc_column_inner][\/vc_row_inner][vc_empty_space height=&#8220;50px&#8220;][\/vc_column][\/vc_row][vc_row css_animation=&#8220;&#8220; row_type=&#8220;row&#8220; use_row_as_full_screen_section=&#8220;no&#8220; type=&#8220;full_width&#8220; angled_section=&#8220;no&#8220; text_align=&#8220;left&#8220; background_image_as_pattern=&#8220;without_pattern&#8220; background_color=&#8220;#d9dadb&#8220; el_class=&#8220;workflow-1&#8243;][vc_column][vc_row_inner row_type=&#8220;row&#8220; type=&#8220;grid&#8220; text_align=&#8220;left&#8220; css_animation=&#8220;&#8220;][vc_column_inner el_class=&#8220;black&#8220;][vc_empty_space height=&#8220;50px&#8220;][vc_column_text]<\/p>\n<h4 style=\"text-align: center;\"><span style=\"color: #ffffff;\">Leidenschaft f\u00fcr Nachhaltigkeit und ein gutes Produkt<\/span><\/h4>\n<p>[\/vc_column_text][vc_column_text]<\/p>\n<p style=\"text-align: center;\">Die Erkenntnis w\u00e4chst, dass man nachhaltiger produzieren kann und muss. Elektronikprodukte haben eine stets k\u00fcrzere Lebensdauer und der Abfallberg w\u00e4chst stetig. Sie finden, dass sogar eine &#8222;nachhaltige&#8220; LED-Beleuchtung viel zu schnell kaputt geht. Die M\u00f6glichkeiten mit dynamischem Licht, das einfach zu installieren und zu bedienen ist, k\u00f6nnten nach ihrer Meinung besser sein. Zwei wichtige Aspekte bei denen noch die n\u00f6tige Entwicklungsarbeit erforderlich ist.<\/p>\n<p>[\/vc_column_text][\/vc_column_inner][\/vc_row_inner][vc_empty_space height=&#8220;50px&#8220;][\/vc_column][\/vc_row][vc_row css_animation=&#8220;&#8220; row_type=&#8220;row&#8220; use_row_as_full_screen_section=&#8220;no&#8220; type=&#8220;full_width&#8220; angled_section=&#8220;no&#8220; text_align=&#8220;left&#8220; background_image_as_pattern=&#8220;without_pattern&#8220; background_color=&#8220;#c6c7c8&#8243; el_class=&#8220;workflow-2&#8243;][vc_column][vc_row_inner row_type=&#8220;row&#8220; type=&#8220;grid&#8220; text_align=&#8220;left&#8220; css_animation=&#8220;&#8220;][vc_column_inner el_class=&#8220;black&#8220;][vc_empty_space height=&#8220;50px&#8220;][vc_column_text]<\/p>\n<h4 style=\"text-align: center;\"><span style=\"color: #ffffff;\">Das Team findet zueinander<\/span><\/h4>\n<p>[\/vc_column_text][vc_column_text]<\/p>\n<p style=\"text-align: center;\">Bereits philosophierend entsteht der Wunsch um eine nachhaltige, dauerhafte LED-Beleuchtung zu entwickeln, die noch besser auf die W\u00fcnsche dynamischer Beleuchtungen mit leicht regulierbaren Lichtleistungen und Lichtfarben eingehen. Es stellt sich heraus, dass die Schwierigkeit vor allem in der W\u00e4rmeentwicklung der LED-Leuchten liegt. Dies bringt sie zu einem alten Studienfreund, Jan Vreenegoor. Er leitet in Irland ein technisches Unternehmen. Nach umfangreichen Forschungen schafft er es, das \u00dcberhitzungsproblem zu bew\u00e4ltigen und somit eine lange Lebensdauer zu realisieren. Jans ehemalige rechte Hand in der Firma, der slowakische Ingenieur Pavol Ondruska, m\u00f6chte nach seinem Abenteuer in Irland wieder zu seiner Familie in der Slowakei zur\u00fcckziehen. Er nimmt die Herausforderung an um dort einen Produktionszweig von AMMANU zu gr\u00fcnden.<\/p>\n<p style=\"text-align: center;\">Nach der Inbetriebnahme im Jahr 2011 bekamen wir im Sommer 2012 die ersten Auftr\u00e4ge. In der Zwischenzeit w\u00e4chst das Unternehmen stetig und hat seit der offiziellen Gr\u00fcndung im Jahr 2013 die Produktion jedes Jahr verdoppeln k\u00f6nnen. Diesen Erfolg will AMMANU mit langlebiger LED-Technologie in der Zukunft fortsetzen um einen immer gr\u00f6\u00dferen Platz auf dem Markt zu erobern. AMMANU verf\u00fcgt \u00fcber drei Standorte: der Vertrieb befindet sich in Oss (Niederlande), die Forschung und Entwicklung werden von Gorey (Irland) aus geleitet und die Fertigung erfolgt in Nitra (Slowakei)<\/p>\n<p>[\/vc_column_text][\/vc_column_inner][\/vc_row_inner][vc_empty_space height=&#8220;50px&#8220;][\/vc_column][\/vc_row][vc_row css_animation=&#8220;&#8220; row_type=&#8220;row&#8220; use_row_as_full_screen_section=&#8220;no&#8220; type=&#8220;full_width&#8220; angled_section=&#8220;no&#8220; text_align=&#8220;left&#8220; background_image_as_pattern=&#8220;without_pattern&#8220; background_color=&#8220;#b1b2b4&#8243; el_class=&#8220;workflow-3&#8243;][vc_column][vc_row_inner row_type=&#8220;row&#8220; type=&#8220;grid&#8220; text_align=&#8220;left&#8220; css_animation=&#8220;&#8220;][vc_column_inner el_class=&#8220;black&#8220;][vc_empty_space height=&#8220;50px&#8220;][vc_column_text]<\/p>\n<h4 style=\"text-align: center;\"><span style=\"color: #ffffff;\">Der Name AMMANU<\/span><\/h4>\n<p>[\/vc_column_text][vc_column_text]<\/p>\n<p style=\"text-align: center;\">Der Name &#8222;Amanuensis&#8220; stammt aus dem Lateinischem und bedeutet \u201cNaturwissenschaftslehrer&#8220;, derjenige der Ihnen erkl\u00e4rt wie Technik funktioniert. Genau das ist das Ziel von AMMANU. Nicht nur die Herstellung hochwertiger LED-Beleuchtung, sondern auch der Wissensaustausch mit Kunden und als Gesch\u00e4ftspartner dar\u00fcber nachzudenken, welche dauerhaften, energieeffizienten und kostensparenden LED-L\u00f6sungen f\u00fcr die Beleuchtungsbed\u00fcrfnisse des Kunden geeignet sind.<\/p>\n<p>[\/vc_column_text][\/vc_column_inner][\/vc_row_inner][vc_empty_space height=&#8220;50px&#8220;][\/vc_column][\/vc_row][vc_row css_animation=&#8220;&#8220; row_type=&#8220;row&#8220; use_row_as_full_screen_section=&#8220;no&#8220; type=&#8220;full_width&#8220; angled_section=&#8220;no&#8220; text_align=&#8220;left&#8220; background_image_as_pattern=&#8220;without_pattern&#8220; background_color=&#8220;#8f8f8f&#8220; el_class=&#8220;workflow-4&#8243;][vc_column][vc_row_inner row_type=&#8220;row&#8220; type=&#8220;grid&#8220; text_align=&#8220;left&#8220; css_animation=&#8220;&#8220;][vc_column_inner el_class=&#8220;black&#8220;][vc_empty_space height=&#8220;50px&#8220;][vc_column_text]<\/p>\n<h4 style=\"text-align: center;\"><span style=\"color: #ffffff;\">Erkl\u00e4rung<\/span><\/h4>\n<p>[\/vc_column_text][vc_column_text]<\/p>\n<p style=\"text-align: center;\">AMMANU will ein Zeichen gegen die Wegwerfgesellschaft setzen. Sie lassen sich dabei von der ersten Analog-Elektronik, wie das alte Philips-Radio, inspirieren. Eine Lebensdauer von 50 Jahren war keine Ausnahme f\u00fcr diese ersten Elektronikprodukte. Die Zeit ist reif, als Produzent ein ehrliches Produkt anzubieten, das seinen Beitrag an einer umweltfreundlicheren Welt leistet.<\/p>\n<p>[\/vc_column_text][\/vc_column_inner][\/vc_row_inner][vc_empty_space height=&#8220;50px&#8220;][\/vc_column][\/vc_row]<\/p>\n<\/section>","protected":false},"excerpt":{"rendered":"<p>[vc_row css_animation=&#8220;&#8220; row_type=&#8220;row&#8220; use_row_as_full_screen_section=&#8220;no&#8220; type=&#8220;grid&#8220; angled_section=&#8220;no&#8220; text_align=&#8220;left&#8220; background_image_as_pattern=&#8220;without_pattern&#8220; padding_top=&#8220;90&#8243; padding_bottom=&#8220;85&#8243; el_class=&#8220;theagency_image_txt_over&#8220;][vc_column width=&#8220;1\/2&#8243;][vc_row_inner row_type=&#8220;row&#8220; type=&#8220;full_width&#8220; text_align=&#8220;left&#8220; css_animation=&#8220;element_from_bottom&#8220; transition_delay=&#8220;500&#8243;][vc_column_inner][\/vc_column_inner][\/vc_row_inner][\/vc_column][vc_column width=&#8220;1\/2&#8243;][vc_row_inner row_type=&#8220;row&#8220; type=&#8220;full_width&#8220; text_align=&#8220;left&#8220; css_animation=&#8220;element_from_bottom&#8220; transition_delay=&#8220;200&#8243;][vc_column_inner][\/vc_column_inner][\/vc_row_inner][\/vc_column][\/vc_row][vc_row css_animation=&#8220;&#8220; row_type=&#8220;row&#8220; use_row_as_full_screen_section=&#8220;no&#8220; type=&#8220;grid&#8220; angled_section=&#8220;no&#8220; text_align=&#8220;left&#8220; background_image_as_pattern=&#8220;without_pattern&#8220;][vc_column offset=&#8220;vc_col-lg-offset-1 vc_col-lg-10&#8243;][vc_column_text] \u00dcber AMMANU [\/vc_column_text][vc_separator type=&#8220;small&#8220; position=&#8220;center&#8220; color=&#8220;#f16421&#8243;][vc_column_text] Warum? [\/vc_column_text][vc_column_text] AMMANU hat den Ehrgeiz ,der\u2018&#8230;<\/p>\n","protected":false},"author":3,"featured_media":0,"parent":0,"menu_order":0,"comment_status":"open","ping_status":"closed","template":"full_width.php","meta":[],"yoast_head":"<!-- This site is optimized with the Yoast SEO plugin v20.0 - https:\/\/yoast.com\/wordpress\/plugins\/seo\/ -->\n<title>\u00dcber AMMANU - AMMANU<\/title>\n<meta name=\"robots\" content=\"index, follow, max-snippet:-1, max-image-preview:large, max-video-preview:-1\" \/>\n<link rel=\"canonical\" href=\"https:\/\/www.ammanu.com\/de\/about-ammanu\/\" \/>\n<meta property=\"og:locale\" content=\"de_DE\" \/>\n<meta property=\"og:type\" content=\"article\" \/>\n<meta property=\"og:title\" content=\"\u00dcber AMMANU - AMMANU\" \/>\n<meta property=\"og:description\" content=\"[vc_row css_animation=&#8220;&#8220; row_type=&#8220;row&#8220; use_row_as_full_screen_section=&#8220;no&#8220; type=&#8220;grid&#8220; angled_section=&#8220;no&#8220; text_align=&#8220;left&#8220; background_image_as_pattern=&#8220;without_pattern&#8220; padding_top=&#8220;90&#8243; padding_bottom=&#8220;85&#8243; el_class=&#8220;theagency_image_txt_over&#8220;][vc_column width=&#8220;1\/2&#8243;][vc_row_inner row_type=&#8220;row&#8220; type=&#8220;full_width&#8220; text_align=&#8220;left&#8220; css_animation=&#8220;element_from_bottom&#8220; transition_delay=&#8220;500&#8243;][vc_column_inner][\/vc_column_inner][\/vc_row_inner][\/vc_column][vc_column width=&#8220;1\/2&#8243;][vc_row_inner row_type=&#8220;row&#8220; type=&#8220;full_width&#8220; text_align=&#8220;left&#8220; css_animation=&#8220;element_from_bottom&#8220; transition_delay=&#8220;200&#8243;][vc_column_inner][\/vc_column_inner][\/vc_row_inner][\/vc_column][\/vc_row][vc_row css_animation=&#8220;&#8220; row_type=&#8220;row&#8220; use_row_as_full_screen_section=&#8220;no&#8220; type=&#8220;grid&#8220; angled_section=&#8220;no&#8220; text_align=&#8220;left&#8220; background_image_as_pattern=&#8220;without_pattern&#8220;][vc_column offset=&#8220;vc_col-lg-offset-1 vc_col-lg-10&#8243;][vc_column_text] \u00dcber AMMANU [\/vc_column_text][vc_separator type=&#8220;small&#8220; position=&#8220;center&#8220; color=&#8220;#f16421&#8243;][vc_column_text] Warum? [\/vc_column_text][vc_column_text] AMMANU hat den Ehrgeiz ,der\u2018...\" \/>\n<meta property=\"og:url\" content=\"https:\/\/www.ammanu.com\/de\/about-ammanu\/\" \/>\n<meta property=\"og:site_name\" content=\"AMMANU\" \/>\n<meta property=\"article:modified_time\" content=\"2017-04-15T15:46:43+00:00\" \/>\n<meta name=\"twitter:card\" content=\"summary_large_image\" \/>\n<meta name=\"twitter:site\" content=\"@AmmanuLED\" \/>\n<meta name=\"twitter:label1\" content=\"Gesch\u00e4tzte Lesezeit\" \/>\n\t<meta name=\"twitter:data1\" content=\"8\u00a0Minuten\" \/>\n<script type=\"application\/ld+json\" class=\"yoast-schema-graph\">{\"@context\":\"https:\/\/schema.org\",\"@graph\":[{\"@type\":\"WebPage\",\"@id\":\"https:\/\/www.ammanu.com\/de\/about-ammanu\/\",\"url\":\"https:\/\/www.ammanu.com\/de\/about-ammanu\/\",\"name\":\"\u00dcber AMMANU - AMMANU\",\"isPartOf\":{\"@id\":\"https:\/\/www.ammanu.com\/#website\"},\"datePublished\":\"2017-04-15T15:38:58+00:00\",\"dateModified\":\"2017-04-15T15:46:43+00:00\",\"breadcrumb\":{\"@id\":\"https:\/\/www.ammanu.com\/de\/about-ammanu\/#breadcrumb\"},\"inLanguage\":\"de\",\"potentialAction\":[{\"@type\":\"ReadAction\",\"target\":[\"https:\/\/www.ammanu.com\/de\/about-ammanu\/\"]}]},{\"@type\":\"BreadcrumbList\",\"@id\":\"https:\/\/www.ammanu.com\/de\/about-ammanu\/#breadcrumb\",\"itemListElement\":[{\"@type\":\"ListItem\",\"position\":1,\"name\":\"Home\",\"item\":\"https:\/\/www.ammanu.com\/de\/\"},{\"@type\":\"ListItem\",\"position\":2,\"name\":\"\u00dcber AMMANU\"}]},{\"@type\":\"WebSite\",\"@id\":\"https:\/\/www.ammanu.com\/#website\",\"url\":\"https:\/\/www.ammanu.com\/\",\"name\":\"AMMANU\",\"description\":\"LED Intelligence\",\"publisher\":{\"@id\":\"https:\/\/www.ammanu.com\/#organization\"},\"potentialAction\":[{\"@type\":\"SearchAction\",\"target\":{\"@type\":\"EntryPoint\",\"urlTemplate\":\"https:\/\/www.ammanu.com\/?s={search_term_string}\"},\"query-input\":\"required name=search_term_string\"}],\"inLanguage\":\"de\"},{\"@type\":\"Organization\",\"@id\":\"https:\/\/www.ammanu.com\/#organization\",\"name\":\"AMMANU LED-Intelligence\",\"url\":\"https:\/\/www.ammanu.com\/\",\"logo\":{\"@type\":\"ImageObject\",\"inLanguage\":\"de\",\"@id\":\"https:\/\/www.ammanu.com\/#\/schema\/logo\/image\/\",\"url\":\"https:\/\/www.ammanu.com\/wp-content\/uploads\/2016\/08\/AMMANU-logo.png\",\"contentUrl\":\"https:\/\/www.ammanu.com\/wp-content\/uploads\/2016\/08\/AMMANU-logo.png\",\"width\":300,\"height\":48,\"caption\":\"AMMANU LED-Intelligence\"},\"image\":{\"@id\":\"https:\/\/www.ammanu.com\/#\/schema\/logo\/image\/\"},\"sameAs\":[\"http:\/\/nl.linkedin.com\/company\/ammanu\",\"https:\/\/uk.pinterest.com\/nielsleijten\/ammanu\/\",\"https:\/\/www.youtube.com\/channel\/UCfV00Ul3d9czFkqOd9kllUA\",\"https:\/\/twitter.com\/AmmanuLED\"]}]}<\/script>\n<!-- \/ Yoast SEO plugin. -->","yoast_head_json":{"title":"\u00dcber AMMANU - AMMANU","robots":{"index":"index","follow":"follow","max-snippet":"max-snippet:-1","max-image-preview":"max-image-preview:large","max-video-preview":"max-video-preview:-1"},"canonical":"https:\/\/www.ammanu.com\/de\/about-ammanu\/","og_locale":"de_DE","og_type":"article","og_title":"\u00dcber AMMANU - AMMANU","og_description":"[vc_row css_animation=&#8220;&#8220; row_type=&#8220;row&#8220; use_row_as_full_screen_section=&#8220;no&#8220; type=&#8220;grid&#8220; angled_section=&#8220;no&#8220; text_align=&#8220;left&#8220; background_image_as_pattern=&#8220;without_pattern&#8220; padding_top=&#8220;90&#8243; padding_bottom=&#8220;85&#8243; el_class=&#8220;theagency_image_txt_over&#8220;][vc_column width=&#8220;1\/2&#8243;][vc_row_inner row_type=&#8220;row&#8220; type=&#8220;full_width&#8220; text_align=&#8220;left&#8220; css_animation=&#8220;element_from_bottom&#8220; transition_delay=&#8220;500&#8243;][vc_column_inner][\/vc_column_inner][\/vc_row_inner][\/vc_column][vc_column width=&#8220;1\/2&#8243;][vc_row_inner row_type=&#8220;row&#8220; type=&#8220;full_width&#8220; text_align=&#8220;left&#8220; css_animation=&#8220;element_from_bottom&#8220; transition_delay=&#8220;200&#8243;][vc_column_inner][\/vc_column_inner][\/vc_row_inner][\/vc_column][\/vc_row][vc_row css_animation=&#8220;&#8220; row_type=&#8220;row&#8220; use_row_as_full_screen_section=&#8220;no&#8220; type=&#8220;grid&#8220; angled_section=&#8220;no&#8220; text_align=&#8220;left&#8220; background_image_as_pattern=&#8220;without_pattern&#8220;][vc_column offset=&#8220;vc_col-lg-offset-1 vc_col-lg-10&#8243;][vc_column_text] \u00dcber AMMANU [\/vc_column_text][vc_separator type=&#8220;small&#8220; position=&#8220;center&#8220; color=&#8220;#f16421&#8243;][vc_column_text] Warum? [\/vc_column_text][vc_column_text] AMMANU hat den Ehrgeiz ,der\u2018...","og_url":"https:\/\/www.ammanu.com\/de\/about-ammanu\/","og_site_name":"AMMANU","article_modified_time":"2017-04-15T15:46:43+00:00","twitter_card":"summary_large_image","twitter_site":"@AmmanuLED","twitter_misc":{"Gesch\u00e4tzte Lesezeit":"8\u00a0Minuten"},"schema":{"@context":"https:\/\/schema.org","@graph":[{"@type":"WebPage","@id":"https:\/\/www.ammanu.com\/de\/about-ammanu\/","url":"https:\/\/www.ammanu.com\/de\/about-ammanu\/","name":"\u00dcber AMMANU - AMMANU","isPartOf":{"@id":"https:\/\/www.ammanu.com\/#website"},"datePublished":"2017-04-15T15:38:58+00:00","dateModified":"2017-04-15T15:46:43+00:00","breadcrumb":{"@id":"https:\/\/www.ammanu.com\/de\/about-ammanu\/#breadcrumb"},"inLanguage":"de","potentialAction":[{"@type":"ReadAction","target":["https:\/\/www.ammanu.com\/de\/about-ammanu\/"]}]},{"@type":"BreadcrumbList","@id":"https:\/\/www.ammanu.com\/de\/about-ammanu\/#breadcrumb","itemListElement":[{"@type":"ListItem","position":1,"name":"Home","item":"https:\/\/www.ammanu.com\/de\/"},{"@type":"ListItem","position":2,"name":"\u00dcber AMMANU"}]},{"@type":"WebSite","@id":"https:\/\/www.ammanu.com\/#website","url":"https:\/\/www.ammanu.com\/","name":"AMMANU","description":"LED Intelligence","publisher":{"@id":"https:\/\/www.ammanu.com\/#organization"},"potentialAction":[{"@type":"SearchAction","target":{"@type":"EntryPoint","urlTemplate":"https:\/\/www.ammanu.com\/?s={search_term_string}"},"query-input":"required name=search_term_string"}],"inLanguage":"de"},{"@type":"Organization","@id":"https:\/\/www.ammanu.com\/#organization","name":"AMMANU LED-Intelligence","url":"https:\/\/www.ammanu.com\/","logo":{"@type":"ImageObject","inLanguage":"de","@id":"https:\/\/www.ammanu.com\/#\/schema\/logo\/image\/","url":"https:\/\/www.ammanu.com\/wp-content\/uploads\/2016\/08\/AMMANU-logo.png","contentUrl":"https:\/\/www.ammanu.com\/wp-content\/uploads\/2016\/08\/AMMANU-logo.png","width":300,"height":48,"caption":"AMMANU LED-Intelligence"},"image":{"@id":"https:\/\/www.ammanu.com\/#\/schema\/logo\/image\/"},"sameAs":["http:\/\/nl.linkedin.com\/company\/ammanu","https:\/\/uk.pinterest.com\/nielsleijten\/ammanu\/","https:\/\/www.youtube.com\/channel\/UCfV00Ul3d9czFkqOd9kllUA","https:\/\/twitter.com\/AmmanuLED"]}]}},"_links":{"self":[{"href":"https:\/\/www.ammanu.com\/de\/wp-json\/wp\/v2\/pages\/16474"}],"collection":[{"href":"https:\/\/www.ammanu.com\/de\/wp-json\/wp\/v2\/pages"}],"about":[{"href":"https:\/\/www.ammanu.com\/de\/wp-json\/wp\/v2\/types\/page"}],"author":[{"embeddable":true,"href":"https:\/\/www.ammanu.com\/de\/wp-json\/wp\/v2\/users\/3"}],"replies":[{"embeddable":true,"href":"https:\/\/www.ammanu.com\/de\/wp-json\/wp\/v2\/comments?post=16474"}],"version-history":[{"count":24,"href":"https:\/\/www.ammanu.com\/de\/wp-json\/wp\/v2\/pages\/16474\/revisions"}],"predecessor-version":[{"id":16498,"href":"https:\/\/www.ammanu.com\/de\/wp-json\/wp\/v2\/pages\/16474\/revisions\/16498"}],"wp:attachment":[{"href":"https:\/\/www.ammanu.com\/de\/wp-json\/wp\/v2\/media?parent=16474"}],"curies":[{"name":"wp","href":"https:\/\/api.w.org\/{rel}","templated":true}]}}