{"id":16499,"date":"2017-04-15T17:50:51","date_gmt":"2017-04-15T15:50:51","guid":{"rendered":"http:\/\/www.ammanu.com\/ammanu-anwendungen\/"},"modified":"2017-04-15T20:56:19","modified_gmt":"2017-04-15T18:56:19","slug":"ammanu-anwendungen","status":"publish","type":"page","link":"https:\/\/www.ammanu.com\/de\/ammanu-anwendungen\/","title":{"rendered":"Ammanu Anwendungen"},"content":{"rendered":"<section class=\"wpb-content-wrapper\"><p>[vc_row css_animation=&#8220;&#8220; row_type=&#8220;row&#8220; use_row_as_full_screen_section=&#8220;no&#8220; type=&#8220;grid&#8220; angled_section=&#8220;no&#8220; text_align=&#8220;center&#8220; background_image_as_pattern=&#8220;without_pattern&#8220; padding_top=&#8220;66&#8243; padding_bottom=&#8220;20&#8243; el_class=&#8220;custom-icon-styles&#8220;][vc_column][vc_row_inner row_type=&#8220;row&#8220; type=&#8220;full_width&#8220; text_align=&#8220;left&#8220; padding_bottom=&#8220;75&#8243; css_animation=&#8220;element_from_bottom&#8220; transition_delay=&#8220;150&#8243;][vc_column_inner][vc_column_text]<\/p>\n<p class=\"p1\" style=\"text-align: center;\">AMMANUs LED-Leuchten sind f\u00fcr nahezu jede Umgebung geeignet. Wir geben unseren Kunden ein Erlebnis, welche Lichteffekte ihnen zur Verf\u00fcgung stehen, indem sie verschiedene Leuchten in einen Raum stellen. Auf der Grundlage ihrer Reaktion auf die Qualit\u00e4t des Lichts sind wir in der Lage Design ein funktional, sondern auch sch\u00f6n, Beleuchtungsplan. Mit dem Feedback k\u00f6nnen wir den Beleuchtungsplan weiter optimieren und bei Bedarf auch ma\u00dfgeschneiderte LED-Leuchten konstruieren, um mit dem Beleuchtungsplan in Einklang zu bringen und eine optimale Lichtumgebung zu schaffen.<\/p>\n<p>[\/vc_column_text][\/vc_column_inner][\/vc_row_inner][\/vc_column][\/vc_row][vc_row css_animation=&#8220;&#8220; row_type=&#8220;row&#8220; use_row_as_full_screen_section=&#8220;no&#8220; type=&#8220;full_width&#8220; angled_section=&#8220;no&#8220; text_align=&#8220;left&#8220; background_image_as_pattern=&#8220;without_pattern&#8220;][vc_column width=&#8220;1\/3&#8243; css=&#8220;.vc_custom_1470922243450{margin-right: 0px !important;margin-left: 0px !important;padding-right: 0px !important;padding-left: 0px !important;}&#8220;]<div class=\"q_image_with_text_over\"><div class=\"shader\" ><\/div><img itemprop=\"image\" src=\"https:\/\/www.ammanu.com\/wp-content\/uploads\/2016\/08\/zorg-1.jpg\" alt=\"Gesundheitswesen<em><br \/>\nOptimale Gesundheitsversorgung und optimales Licht gehen Hand in Hand.<\/em>\" \/><div class=\"text\"><table><tr><td><h3 class=\"caption no_icon\" style=\"\">Gesundheitswesen<em><br \/>\nOptimale Gesundheitsversorgung und optimales Licht gehen Hand in Hand.<\/em><\/h3><\/td><\/tr><\/table><table><tr><td><div class=\"desc\">Gerade im Gesundheitswesen ist der Bedarf an guter und dynamischer Beleuchtung gro\u00df. Einerseits um die Arbeit optimal erledigen zu k\u00f6nnen, andererseits um die Lebensqualit\u00e4t in Gesundheitseinrichtungen stark zu verbessern.<\/p>\n<p><a class=\"qbutton default\" style=\"margin: 0 5px 0 0;\" href=\"https:\/\/www.ammanu.com\/de\/ammanu-anwendungen\/gesundheitswesen\/\" target=\"_self\">Find Out More<\/a><\/div><\/td><\/tr><\/table><\/div><\/div>[\/vc_column][vc_column width=&#8220;1\/3&#8243; css=&#8220;.vc_custom_1470922249851{margin-right: 0px !important;margin-left: 0px !important;padding-right: 0px !important;padding-left: 0px !important;}&#8220;]<div class=\"q_image_with_text_over\"><div class=\"shader\" ><\/div><img itemprop=\"image\" src=\"https:\/\/www.ammanu.com\/wp-content\/uploads\/2014\/05\/featured-onderwijs.jpg\" alt=\"Bildungswesen<em><br \/>\nBesser lernen und mehr leisten mit AMMANU LED-L\u00f6sungen<\/em>\" \/><div class=\"text\"><table><tr><td><h3 class=\"caption no_icon\" style=\"\">Bildungswesen<em><br \/>\nBesser lernen und mehr leisten mit AMMANU LED-L\u00f6sungen<\/em><\/h3><\/td><\/tr><\/table><table><tr><td><div class=\"desc\">Wir verbringen viel Zeit in den Bildungsanstalten. Gerade darum ist es wichtig, dass wir uns dort wohlf\u00fchlen. Genug dynamisches Licht hilft dabei und sorgt daf\u00fcr, dass wir uns besser konzentrieren k\u00f6nnen und fit bleiben, auch wenn wir den ganzen Tag in der Schule verbringen.<\/p>\n<p><a class=\"qbutton default\" style=\"margin: 0 5px 0 0;\" href=\"https:\/\/www.ammanu.com\/de\/ammanu-anwendungen\/bildungswesen\/\" target=\"_self\">Find Out More<\/a><\/div><\/td><\/tr><\/table><\/div><\/div>[\/vc_column][vc_column width=&#8220;1\/3&#8243; css=&#8220;.vc_custom_1470922256500{margin-right: 0px !important;margin-left: 0px !important;padding-right: 0px !important;padding-left: 0px !important;}&#8220;]<div class=\"q_image_with_text_over\"><div class=\"shader\" ><\/div><img itemprop=\"image\" src=\"https:\/\/www.ammanu.com\/wp-content\/uploads\/2014\/05\/featured-kantoor-1.jpg\" alt=\"Gesch\u00e4ftsr\u00e4ume<em><br \/>\nLED-L\u00f6sungen f\u00fcr die Arbeit von morgen <\/em>\" \/><div class=\"text\"><table><tr><td><h3 class=\"caption no_icon\" style=\"\">Gesch\u00e4ftsr\u00e4ume<em><br \/>\nLED-L\u00f6sungen f\u00fcr die Arbeit von morgen <\/em><\/h3><\/td><\/tr><\/table><table><tr><td><div class=\"desc\">Ein inspirierendes Arbeitsumfeld ist nicht nur angenehm, sondern auch wichtig. Arbeiten mit dynamischem Licht ohne Flackern h\u00e4lt Mitarbeiter w\u00e4hrend des gesamten Arbeitstages wacher. Es sorgt f\u00fcr eine bessere Atmosph\u00e4re und eine h\u00f6here Produktivit\u00e4t und somit auch f\u00fcr ein angenehmes Arbeitsklima.<\/p>\n<p><a class=\"qbutton default\" style=\"margin: 0 5px 0 0;\" href=\"https:\/\/www.ammanu.com\/de\/ammanu-anwendungen\/geschaftsraume\/\" target=\"_self\">Find Out More<\/a><\/div><\/td><\/tr><\/table><\/div><\/div>[\/vc_column][\/vc_row][vc_row css_animation=&#8220;&#8220; row_type=&#8220;row&#8220; use_row_as_full_screen_section=&#8220;no&#8220; type=&#8220;full_width&#8220; angled_section=&#8220;no&#8220; text_align=&#8220;left&#8220; background_image_as_pattern=&#8220;without_pattern&#8220; css=&#8220;.vc_custom_1470922280496{padding-right: 0px !important;padding-left: 0px !important;}&#8220;][vc_column width=&#8220;1\/4&#8243; css=&#8220;.vc_custom_1470922268538{padding-right: 0px !important;padding-left: 0px !important;}&#8220;]<div class=\"q_image_with_text_over\"><div class=\"shader\" ><\/div><img itemprop=\"image\" src=\"https:\/\/www.ammanu.com\/wp-content\/uploads\/2016\/08\/toepassing-zorg.jpg\" alt=\"Sport<em>Nachhaltige L\u00f6sungen und bessere Sicht auf gro\u00dfen Sportfeldern<\/em>\" \/><div class=\"text\"><table><tr><td><h3 class=\"caption no_icon\" style=\"\">Sport<em>Nachhaltige L\u00f6sungen und bessere Sicht auf gro\u00dfen Sportfeldern<\/em><\/h3><\/td><\/tr><\/table><table><tr><td><div class=\"desc\">Eine Sporthalle oder Sportplatz ben\u00f6tigt viel Licht. In \u00e4lteren Sportunterk\u00fcnften werden noch viele energieverschlingende Beleuchtungen verwendet.<\/p>\n<p><a class=\"qbutton default\" style=\"margin: 0 5px 0 0;\" href=\"https:\/\/www.ammanu.com\/de\/ammanu-anwendungen\/sport\/\" target=\"_self\">Find out more<\/a><\/div><\/td><\/tr><\/table><\/div><\/div>[\/vc_column][vc_column width=&#8220;1\/4&#8243; css=&#8220;.vc_custom_1470922274230{padding-right: 0px !important;padding-left: 0px !important;}&#8220;]<div class=\"q_image_with_text_over\"><div class=\"shader\" ><\/div><img itemprop=\"image\" src=\"https:\/\/www.ammanu.com\/wp-content\/uploads\/2016\/08\/toepassing-wonen.jpg\" alt=\"Wohnen<em><br \/>\nFlexibel die Atmosph\u00e4re variieren und Komfort mit praktischem, energiesparsamen Licht<\/em>\" \/><div class=\"text\"><table><tr><td><h3 class=\"caption no_icon\" style=\"\">Wohnen<em><br \/>\nFlexibel die Atmosph\u00e4re variieren und Komfort mit praktischem, energiesparsamen Licht<\/em><\/h3><\/td><\/tr><\/table><table><tr><td><div class=\"desc\">Obwohl die Produkte der AMMANU in erster Linie f\u00fcr den Projektbereich entwickelt wurden, sind einige unserer Produkte auch gut in privaten Haushalten zu verwenden.<\/p>\n<p><a class=\"qbutton default\" style=\"margin: 0 5px 0 0;\" href=\"https:\/\/www.ammanu.com\/de\/ammanu-anwendungen\/wohnen\/\" target=\"_self\">Find out more<\/a><\/div><\/td><\/tr><\/table><\/div><\/div>[\/vc_column][vc_column width=&#8220;1\/4&#8243; css=&#8220;.vc_custom_1470922300870{padding-right: 0px !important;padding-left: 0px !important;}&#8220;]<div class=\"q_image_with_text_over\"><div class=\"shader\" ><\/div><img itemprop=\"image\" src=\"https:\/\/www.ammanu.com\/wp-content\/uploads\/2016\/08\/toepassing-industrial.jpg\" alt=\"Industrie<em><br \/>\nNotwendigkeit f\u00fcr robuste und wartungsfreundliche Ger\u00e4te und optimales Arbeitslicht <\/em>\" \/><div class=\"text\"><table><tr><td><h3 class=\"caption no_icon\" style=\"\">Industrie<em><br \/>\nNotwendigkeit f\u00fcr robuste und wartungsfreundliche Ger\u00e4te und optimales Arbeitslicht <\/em><\/h3><\/td><\/tr><\/table><table><tr><td><div class=\"desc\">In einer industriellen Umgebung ben\u00f6tigen Sie eine gute Beleuchtung, die widerstandsf\u00e4hig ist.<\/p>\n<p><a class=\"qbutton default\" style=\"margin: 0 5px 0 0;\" href=\"https:\/\/www.ammanu.com\/nl\/toepassingen\/industrial\/\" target=\"_self\">Find out more<\/a><\/div><\/td><\/tr><\/table><\/div><\/div>[\/vc_column][vc_column width=&#8220;1\/4&#8243; css=&#8220;.vc_custom_1472559992707{padding-right: 0px !important;padding-left: 0px !important;}&#8220;]<div class=\"q_image_with_text_over\"><div class=\"shader\" ><\/div><img itemprop=\"image\" src=\"https:\/\/www.ammanu.com\/wp-content\/uploads\/2016\/08\/toepassing-solar.jpg\" alt=\"Solar<em>Ma\u00dfarbeit bei 'Raumtemperatur' Solarprodukten<\/em>\" \/><div class=\"text\"><table><tr><td><h3 class=\"caption no_icon\" style=\"\">Solar<em>Ma\u00dfarbeit bei 'Raumtemperatur' Solarprodukten<\/em><\/h3><\/td><\/tr><\/table><table><tr><td><div class=\"desc\">Unser Wissen und unsere Erfahrung bei ma\u00dfgeschneiderten Projekten, um Solarenergie effizient f\u00fcr Au\u00dfenanwendungen zu nutzen, nutzen wir auch gerne f\u00fcr Ihre Fragen.<\/p>\n<p><a class=\"qbutton default\" style=\"margin: 0 5px 0 0;\" href=\"https:\/\/www.ammanu.com\/de\/ammanu-anwendungen\/solar\/\" target=\"_self\">Find out more<\/a><\/div><\/td><\/tr><\/table><\/div><\/div>[\/vc_column][\/vc_row][vc_row css_animation=&#8220;&#8220; row_type=&#8220;row&#8220; use_row_as_full_screen_section=&#8220;no&#8220; type=&#8220;full_width&#8220; angled_section=&#8220;no&#8220; text_align=&#8220;left&#8220; background_image_as_pattern=&#8220;without_pattern&#8220; css=&#8220;.vc_custom_1470922280496{padding-right: 0px !important;padding-left: 0px !important;}&#8220;][vc_column width=&#8220;1\/3&#8243; css=&#8220;.vc_custom_1470922268538{padding-right: 0px !important;padding-left: 0px !important;}&#8220;]<div class=\"q_image_with_text_over\"><div class=\"shader\" ><\/div><img itemprop=\"image\" src=\"https:\/\/www.ammanu.com\/wp-content\/uploads\/2014\/05\/featured-outdoor.jpg\" alt=\"Outdoor<em><br \/>\nErlebnis und Sicherheit im Dunkeln<\/em>\" \/><div class=\"text\"><table><tr><td><h3 class=\"caption no_icon\" style=\"\">Outdoor<em><br \/>\nErlebnis und Sicherheit im Dunkeln<\/em><\/h3><\/td><\/tr><\/table><table><tr><td><div class=\"desc\">Auch au\u00dferhalb Ihrer Immobilie m\u00f6chten Sie die richtige Atmosph\u00e4re schaffen in der sich Besucher und Passanten sicher f\u00fchlen. Ihre Immobilie oder Umgebung erh\u00e4lt ohne hohe Energiekosten die richtige Aufmerksamkeit.<\/p>\n<p><a class=\"qbutton default\" style=\"margin: 0 5px 0 0;\" href=\"https:\/\/www.ammanu.com\/de\/ammanu-anwendungen\/outdoor\/\" target=\"_self\">Find Out More<\/a><\/div><\/td><\/tr><\/table><\/div><\/div>[\/vc_column][vc_column width=&#8220;1\/3&#8243; css=&#8220;.vc_custom_1470922274230{padding-right: 0px !important;padding-left: 0px !important;}&#8220;]<div class=\"q_image_with_text_over\"><div class=\"shader\" ><\/div><img itemprop=\"image\" src=\"https:\/\/www.ammanu.com\/wp-content\/uploads\/2014\/05\/hospitality-featured.jpg\" alt=\"Hospitality-Gewerbe<em><br \/>\nDie richtige Lichtatmosph\u00e4re f\u00fcr einen herzlichen Empfang\" \/><div class=\"text\"><table><tr><td><h3 class=\"caption no_icon\" style=\"\">Hospitality-Gewerbe<em><br \/>\nDie richtige Lichtatmosph\u00e4re f\u00fcr einen herzlichen Empfang<\/h3><\/td><\/tr><\/table><table><tr><td><div class=\"desc\">Gerade in Restaurants, Hotels und Konferenzzentren ist es wichtig, das Licht an die Atmosph\u00e4re anzupassen, die Sie kreieren m\u00f6chten. Mit LED-L\u00f6sungen von AMMANU k\u00f6nnen Sie die Lichtintensit\u00e4t und Lichtfarbe regulieren und schaffen so die richtige Atmosph\u00e4re.<\/em><\/p>\n<p><a class=\"qbutton default\" style=\"margin: 0 5px 0 0;\" href=\"https:\/\/www.ammanu.com\/de\/ammanu-anwendungen\/hospitality-gewerbe\/\" target=\"_self\">Find Out More<\/a><\/div><\/td><\/tr><\/table><\/div><\/div>[\/vc_column][vc_column width=&#8220;1\/3&#8243; css=&#8220;.vc_custom_1470922300870{padding-right: 0px !important;padding-left: 0px !important;}&#8220;]<div class=\"q_image_with_text_over\"><div class=\"shader\" ><\/div><img itemprop=\"image\" src=\"https:\/\/www.ammanu.com\/wp-content\/uploads\/2016\/08\/slider-2-e1472725607834.jpg\" alt=\"Einzelhandel<em><br \/>\nDie Produktpr\u00e4sentation erfordert eine intensive Lichtanwendung<\/em>\" \/><div class=\"text\"><table><tr><td><h3 class=\"caption no_icon\" style=\"\">Einzelhandel<em><br \/>\nDie Produktpr\u00e4sentation erfordert eine intensive Lichtanwendung<\/em><\/h3><\/td><\/tr><\/table><table><tr><td><div class=\"desc\">Im Einzelhandel stehen Marken im Vordergrund. Viele LED-L\u00f6sungen bieten jedoch nicht die intensive Beleuchtung mit der richtigen Lichtintensit\u00e4t und Lichtfarbe ohne \u00fcberm\u00e4\u00dfige W\u00e4rmeproduktion. Mit der LED-Technologie von AMMANU k\u00f6nnen Sie die genaue Atmosph\u00e4re und Farbbeleuchtung ohne W\u00e4rme nutzen.<\/p>\n<p><a class=\"qbutton default\" style=\"margin: 0 5px 0 0;\" href=\"https:\/\/www.ammanu.com\/de\/ammanu-anwendungen\/einzelhandel\/\" target=\"_self\">Find Out More<\/a><\/div><\/td><\/tr><\/table><\/div><\/div>[\/vc_column][\/vc_row][vc_row css_animation=&#8220;&#8220; row_type=&#8220;row&#8220; use_row_as_full_screen_section=&#8220;no&#8220; type=&#8220;full_width&#8220; angled_section=&#8220;no&#8220; text_align=&#8220;left&#8220; background_image_as_pattern=&#8220;without_pattern&#8220; el_class=&#8220;home_image_txt_over&#8220;][vc_column][qode_elements_holder number_of_columns=&#8220;two_columns&#8220;][qode_elements_holder_item item_padding=&#8220;0 0 0 0&#8243; advanced_animations=&#8220;no&#8220;]<div class=\"q_image_with_text_over\"><div class=\"shader\" style = \"background-color: rgba(255,255,255,0.1)\"><\/div><img itemprop=\"image\" src=\"https:\/\/www.ammanu.com\/wp-content\/uploads\/2014\/05\/become-dealer-s.jpg\" alt=\"Become a Dealer?\" \/><div class=\"text\"><table><tr><td><i class=\"qode_icon_font_awesome fa fa-building-o icon_holder fa-3x\" style=\"color: #f06600;border-color: rgba(240,102,0,0.6);\" ><\/i><h4 class=\"caption \" style=\"color: #000000;\">Become a Dealer?<\/h4><\/td><\/tr><\/table><table><tr><td><div class=\"desc\">F\u00fcr detaillierte Informationen \u00fcber unsere LED-Leuchten und die M\u00f6glichkeiten der nachhaltigen, dimmbaren und dynamischen Beleuchtung nehmen Sie bitte Kontakt mit uns auf. Wir informieren Sie gerne \u00fcber die Produktm\u00f6glichkeiten bei allen denkbaren Verwendungszwecken. Ob Bildungswesen oder Hospitality-Gewerbe, B\u00fcro oder Gesundheitswesen bis hin zum Einzelhandel. AMMANU hilft Ihren Kunden gerne mit ma\u00dfgeschneiderten Projekten um die beste Lichtl\u00f6sung zu finden.<\/p>\n<p>&nbsp;<\/p>\n<p><a  itemprop=\"url\" href=\"https:\/\/www.ammanu.com\/contact\" target=\"_self\"  class=\"qbutton  default\" style=\"\">Contact us<\/a><\/div><\/td><\/tr><\/table><\/div><\/div>[\/qode_elements_holder_item][qode_elements_holder_item item_padding=&#8220;0 0 0 0&#8243; advanced_animations=&#8220;no&#8220;]<div class=\"q_image_with_text_over\"><div class=\"shader\" style = \"background-color: rgba(255,255,255,0.1)\"><\/div><img itemprop=\"image\" src=\"https:\/\/www.ammanu.com\/wp-content\/uploads\/2014\/05\/contact-s.jpg\" alt=\"Questions about our products?\" \/><div class=\"text\"><table><tr><td><i class=\"qode_icon_font_awesome fa fa-envelope-o icon_holder fa-3x\" style=\"color: #f06600;border-color: rgba(240,102,0,0.6);\" ><\/i><h4 class=\"caption \" style=\"color: #2f2f30;\">Questions about our products?<\/h4><\/td><\/tr><\/table><table><tr><td><div class=\"desc\"><a  itemprop=\"url\" href=\"https:\/\/www.ammanu.com\/contact\/\" target=\"_self\"  class=\"qbutton  default\" style=\"\">Get in touch<\/a><\/div><\/td><\/tr><\/table><\/div><\/div>[\/qode_elements_holder_item][\/qode_elements_holder][\/vc_column][\/vc_row]<\/p>\n<\/section>","protected":false},"excerpt":{"rendered":"<p>[vc_row css_animation=&#8220;&#8220; row_type=&#8220;row&#8220; use_row_as_full_screen_section=&#8220;no&#8220; type=&#8220;grid&#8220; angled_section=&#8220;no&#8220; text_align=&#8220;center&#8220; background_image_as_pattern=&#8220;without_pattern&#8220; padding_top=&#8220;66&#8243; padding_bottom=&#8220;20&#8243; el_class=&#8220;custom-icon-styles&#8220;][vc_column][vc_row_inner row_type=&#8220;row&#8220; type=&#8220;full_width&#8220; text_align=&#8220;left&#8220; padding_bottom=&#8220;75&#8243; css_animation=&#8220;element_from_bottom&#8220; transition_delay=&#8220;150&#8243;][vc_column_inner][vc_column_text] AMMANUs LED-Leuchten sind f\u00fcr nahezu jede Umgebung geeignet. Wir geben unseren Kunden ein Erlebnis, welche Lichteffekte ihnen zur Verf\u00fcgung stehen, indem sie verschiedene Leuchten in einen Raum stellen&#8230;.<\/p>\n","protected":false},"author":3,"featured_media":0,"parent":0,"menu_order":0,"comment_status":"open","ping_status":"closed","template":"full_width.php","meta":[],"yoast_head":"<!-- This site is optimized with the Yoast SEO plugin v20.0 - https:\/\/yoast.com\/wordpress\/plugins\/seo\/ -->\n<title>Ammanu Anwendungen - AMMANU<\/title>\n<meta name=\"robots\" content=\"index, follow, max-snippet:-1, max-image-preview:large, max-video-preview:-1\" \/>\n<link rel=\"canonical\" href=\"https:\/\/www.ammanu.com\/de\/ammanu-anwendungen\/\" \/>\n<meta property=\"og:locale\" content=\"de_DE\" \/>\n<meta property=\"og:type\" content=\"article\" \/>\n<meta property=\"og:title\" content=\"Ammanu Anwendungen - AMMANU\" \/>\n<meta property=\"og:description\" content=\"[vc_row css_animation=&#8220;&#8220; row_type=&#8220;row&#8220; use_row_as_full_screen_section=&#8220;no&#8220; type=&#8220;grid&#8220; angled_section=&#8220;no&#8220; text_align=&#8220;center&#8220; background_image_as_pattern=&#8220;without_pattern&#8220; padding_top=&#8220;66&#8243; padding_bottom=&#8220;20&#8243; el_class=&#8220;custom-icon-styles&#8220;][vc_column][vc_row_inner row_type=&#8220;row&#8220; type=&#8220;full_width&#8220; text_align=&#8220;left&#8220; padding_bottom=&#8220;75&#8243; css_animation=&#8220;element_from_bottom&#8220; transition_delay=&#8220;150&#8243;][vc_column_inner][vc_column_text] AMMANUs LED-Leuchten sind f\u00fcr nahezu jede Umgebung geeignet. Wir geben unseren Kunden ein Erlebnis, welche Lichteffekte ihnen zur Verf\u00fcgung stehen, indem sie verschiedene Leuchten in einen Raum stellen....\" \/>\n<meta property=\"og:url\" content=\"https:\/\/www.ammanu.com\/de\/ammanu-anwendungen\/\" \/>\n<meta property=\"og:site_name\" content=\"AMMANU\" \/>\n<meta property=\"article:modified_time\" content=\"2017-04-15T18:56:19+00:00\" \/>\n<meta name=\"twitter:card\" content=\"summary_large_image\" \/>\n<meta name=\"twitter:site\" content=\"@AmmanuLED\" \/>\n<meta name=\"twitter:label1\" content=\"Gesch\u00e4tzte Lesezeit\" \/>\n\t<meta name=\"twitter:data1\" content=\"6\u00a0Minuten\" \/>\n<script type=\"application\/ld+json\" class=\"yoast-schema-graph\">{\"@context\":\"https:\/\/schema.org\",\"@graph\":[{\"@type\":\"WebPage\",\"@id\":\"https:\/\/www.ammanu.com\/de\/ammanu-anwendungen\/\",\"url\":\"https:\/\/www.ammanu.com\/de\/ammanu-anwendungen\/\",\"name\":\"Ammanu Anwendungen - AMMANU\",\"isPartOf\":{\"@id\":\"https:\/\/www.ammanu.com\/#website\"},\"datePublished\":\"2017-04-15T15:50:51+00:00\",\"dateModified\":\"2017-04-15T18:56:19+00:00\",\"breadcrumb\":{\"@id\":\"https:\/\/www.ammanu.com\/de\/ammanu-anwendungen\/#breadcrumb\"},\"inLanguage\":\"de\",\"potentialAction\":[{\"@type\":\"ReadAction\",\"target\":[\"https:\/\/www.ammanu.com\/de\/ammanu-anwendungen\/\"]}]},{\"@type\":\"BreadcrumbList\",\"@id\":\"https:\/\/www.ammanu.com\/de\/ammanu-anwendungen\/#breadcrumb\",\"itemListElement\":[{\"@type\":\"ListItem\",\"position\":1,\"name\":\"Home\",\"item\":\"https:\/\/www.ammanu.com\/de\/\"},{\"@type\":\"ListItem\",\"position\":2,\"name\":\"Ammanu Anwendungen\"}]},{\"@type\":\"WebSite\",\"@id\":\"https:\/\/www.ammanu.com\/#website\",\"url\":\"https:\/\/www.ammanu.com\/\",\"name\":\"AMMANU\",\"description\":\"LED Intelligence\",\"publisher\":{\"@id\":\"https:\/\/www.ammanu.com\/#organization\"},\"potentialAction\":[{\"@type\":\"SearchAction\",\"target\":{\"@type\":\"EntryPoint\",\"urlTemplate\":\"https:\/\/www.ammanu.com\/?s={search_term_string}\"},\"query-input\":\"required name=search_term_string\"}],\"inLanguage\":\"de\"},{\"@type\":\"Organization\",\"@id\":\"https:\/\/www.ammanu.com\/#organization\",\"name\":\"AMMANU LED-Intelligence\",\"url\":\"https:\/\/www.ammanu.com\/\",\"logo\":{\"@type\":\"ImageObject\",\"inLanguage\":\"de\",\"@id\":\"https:\/\/www.ammanu.com\/#\/schema\/logo\/image\/\",\"url\":\"https:\/\/www.ammanu.com\/wp-content\/uploads\/2016\/08\/AMMANU-logo.png\",\"contentUrl\":\"https:\/\/www.ammanu.com\/wp-content\/uploads\/2016\/08\/AMMANU-logo.png\",\"width\":300,\"height\":48,\"caption\":\"AMMANU LED-Intelligence\"},\"image\":{\"@id\":\"https:\/\/www.ammanu.com\/#\/schema\/logo\/image\/\"},\"sameAs\":[\"http:\/\/nl.linkedin.com\/company\/ammanu\",\"https:\/\/uk.pinterest.com\/nielsleijten\/ammanu\/\",\"https:\/\/www.youtube.com\/channel\/UCfV00Ul3d9czFkqOd9kllUA\",\"https:\/\/twitter.com\/AmmanuLED\"]}]}<\/script>\n<!-- \/ Yoast SEO plugin. -->","yoast_head_json":{"title":"Ammanu Anwendungen - AMMANU","robots":{"index":"index","follow":"follow","max-snippet":"max-snippet:-1","max-image-preview":"max-image-preview:large","max-video-preview":"max-video-preview:-1"},"canonical":"https:\/\/www.ammanu.com\/de\/ammanu-anwendungen\/","og_locale":"de_DE","og_type":"article","og_title":"Ammanu Anwendungen - AMMANU","og_description":"[vc_row css_animation=&#8220;&#8220; row_type=&#8220;row&#8220; use_row_as_full_screen_section=&#8220;no&#8220; type=&#8220;grid&#8220; angled_section=&#8220;no&#8220; text_align=&#8220;center&#8220; background_image_as_pattern=&#8220;without_pattern&#8220; padding_top=&#8220;66&#8243; padding_bottom=&#8220;20&#8243; el_class=&#8220;custom-icon-styles&#8220;][vc_column][vc_row_inner row_type=&#8220;row&#8220; type=&#8220;full_width&#8220; text_align=&#8220;left&#8220; padding_bottom=&#8220;75&#8243; css_animation=&#8220;element_from_bottom&#8220; transition_delay=&#8220;150&#8243;][vc_column_inner][vc_column_text] AMMANUs LED-Leuchten sind f\u00fcr nahezu jede Umgebung geeignet. Wir geben unseren Kunden ein Erlebnis, welche Lichteffekte ihnen zur Verf\u00fcgung stehen, indem sie verschiedene Leuchten in einen Raum stellen....","og_url":"https:\/\/www.ammanu.com\/de\/ammanu-anwendungen\/","og_site_name":"AMMANU","article_modified_time":"2017-04-15T18:56:19+00:00","twitter_card":"summary_large_image","twitter_site":"@AmmanuLED","twitter_misc":{"Gesch\u00e4tzte Lesezeit":"6\u00a0Minuten"},"schema":{"@context":"https:\/\/schema.org","@graph":[{"@type":"WebPage","@id":"https:\/\/www.ammanu.com\/de\/ammanu-anwendungen\/","url":"https:\/\/www.ammanu.com\/de\/ammanu-anwendungen\/","name":"Ammanu Anwendungen - AMMANU","isPartOf":{"@id":"https:\/\/www.ammanu.com\/#website"},"datePublished":"2017-04-15T15:50:51+00:00","dateModified":"2017-04-15T18:56:19+00:00","breadcrumb":{"@id":"https:\/\/www.ammanu.com\/de\/ammanu-anwendungen\/#breadcrumb"},"inLanguage":"de","potentialAction":[{"@type":"ReadAction","target":["https:\/\/www.ammanu.com\/de\/ammanu-anwendungen\/"]}]},{"@type":"BreadcrumbList","@id":"https:\/\/www.ammanu.com\/de\/ammanu-anwendungen\/#breadcrumb","itemListElement":[{"@type":"ListItem","position":1,"name":"Home","item":"https:\/\/www.ammanu.com\/de\/"},{"@type":"ListItem","position":2,"name":"Ammanu Anwendungen"}]},{"@type":"WebSite","@id":"https:\/\/www.ammanu.com\/#website","url":"https:\/\/www.ammanu.com\/","name":"AMMANU","description":"LED Intelligence","publisher":{"@id":"https:\/\/www.ammanu.com\/#organization"},"potentialAction":[{"@type":"SearchAction","target":{"@type":"EntryPoint","urlTemplate":"https:\/\/www.ammanu.com\/?s={search_term_string}"},"query-input":"required name=search_term_string"}],"inLanguage":"de"},{"@type":"Organization","@id":"https:\/\/www.ammanu.com\/#organization","name":"AMMANU LED-Intelligence","url":"https:\/\/www.ammanu.com\/","logo":{"@type":"ImageObject","inLanguage":"de","@id":"https:\/\/www.ammanu.com\/#\/schema\/logo\/image\/","url":"https:\/\/www.ammanu.com\/wp-content\/uploads\/2016\/08\/AMMANU-logo.png","contentUrl":"https:\/\/www.ammanu.com\/wp-content\/uploads\/2016\/08\/AMMANU-logo.png","width":300,"height":48,"caption":"AMMANU LED-Intelligence"},"image":{"@id":"https:\/\/www.ammanu.com\/#\/schema\/logo\/image\/"},"sameAs":["http:\/\/nl.linkedin.com\/company\/ammanu","https:\/\/uk.pinterest.com\/nielsleijten\/ammanu\/","https:\/\/www.youtube.com\/channel\/UCfV00Ul3d9czFkqOd9kllUA","https:\/\/twitter.com\/AmmanuLED"]}]}},"_links":{"self":[{"href":"https:\/\/www.ammanu.com\/de\/wp-json\/wp\/v2\/pages\/16499"}],"collection":[{"href":"https:\/\/www.ammanu.com\/de\/wp-json\/wp\/v2\/pages"}],"about":[{"href":"https:\/\/www.ammanu.com\/de\/wp-json\/wp\/v2\/types\/page"}],"author":[{"embeddable":true,"href":"https:\/\/www.ammanu.com\/de\/wp-json\/wp\/v2\/users\/3"}],"replies":[{"embeddable":true,"href":"https:\/\/www.ammanu.com\/de\/wp-json\/wp\/v2\/comments?post=16499"}],"version-history":[{"count":12,"href":"https:\/\/www.ammanu.com\/de\/wp-json\/wp\/v2\/pages\/16499\/revisions"}],"predecessor-version":[{"id":16602,"href":"https:\/\/www.ammanu.com\/de\/wp-json\/wp\/v2\/pages\/16499\/revisions\/16602"}],"wp:attachment":[{"href":"https:\/\/www.ammanu.com\/de\/wp-json\/wp\/v2\/media?parent=16499"}],"curies":[{"name":"wp","href":"https:\/\/api.w.org\/{rel}","templated":true}]}}