{"id":16532,"date":"2017-04-15T18:17:42","date_gmt":"2017-04-15T16:17:42","guid":{"rendered":"http:\/\/www.ammanu.com\/ammanu-anwendungen\/bildungswesen\/"},"modified":"2017-04-15T18:17:44","modified_gmt":"2017-04-15T16:17:44","slug":"bildungswesen","status":"publish","type":"page","link":"https:\/\/www.ammanu.com\/de\/ammanu-anwendungen\/bildungswesen\/","title":{"rendered":"Bildungswesen"},"content":{"rendered":"<section class=\"wpb-content-wrapper\"><p>[vc_row row_type=&#8220;row&#8220; use_row_as_full_screen_section=&#8220;no&#8220; type=&#8220;full_width&#8220; angled_section=&#8220;no&#8220; text_align=&#8220;left&#8220; background_image_as_pattern=&#8220;without_pattern&#8220; css_animation=&#8220;&#8220;][vc_column][vc_column_text]<\/p>\n<h1 style=\"text-align: center;\">Bildungswesen<\/h1>\n<p>[\/vc_column_text][vc_separator type=&#8220;small&#8220; position=&#8220;center&#8220; color=&#8220;#f16421&#8243;][vc_column_text]<\/p>\n<p style=\"text-align: center;\">Wir verbringen viel Zeit in den Bildungsanstalten. Gerade darum ist es wichtig, dass wir uns dort wohlf\u00fchlen. Genug dynamisches Licht hilft dabei und sorgt daf\u00fcr, dass wir uns besser konzentrieren k\u00f6nnen und fit bleiben, auch wenn wir den ganzen Tag in der Schule verbringen. Mit Armaturen von AMMNUNU dringen Sie au\u00dferdem die Ersatz- und Wartungskosten stark zur\u00fcck und tragen an einer sozialen, verantwortlichen Lernumgebung bei.<\/p>\n<p>[\/vc_column_text][vc_empty_space height=&#8220;64px&#8220;][\/vc_column][\/vc_row][vc_row row_type=&#8220;row&#8220; use_row_as_full_screen_section=&#8220;no&#8220; type=&#8220;full_width&#8220; angled_section=&#8220;no&#8220; text_align=&#8220;left&#8220; background_image_as_pattern=&#8220;without_pattern&#8220; css_animation=&#8220;&#8220;][vc_column width=&#8220;1\/2&#8243;][vc_single_image image=&#8220;15775&#8243; img_size=&#8220;535&#215;253&#8243; onclick=&#8220;link_image&#8220; qode_css_animation=&#8220;&#8220;][\/vc_column][vc_column width=&#8220;1\/4&#8243;][vc_single_image image=&#8220;15773&#8243; img_size=&#8220;253&#215;253&#8243; onclick=&#8220;link_image&#8220; qode_css_animation=&#8220;&#8220;][\/vc_column][vc_column width=&#8220;1\/4&#8243;][vc_single_image image=&#8220;15771&#8243; img_size=&#8220;253&#215;253&#8243; onclick=&#8220;link_image&#8220; qode_css_animation=&#8220;&#8220;][\/vc_column][vc_column][vc_empty_space height=&#8220;30px&#8220;][\/vc_column][\/vc_row][vc_row row_type=&#8220;row&#8220; use_row_as_full_screen_section=&#8220;no&#8220; type=&#8220;full_width&#8220; angled_section=&#8220;no&#8220; text_align=&#8220;left&#8220; background_image_as_pattern=&#8220;without_pattern&#8220; css_animation=&#8220;&#8220;][vc_column width=&#8220;1\/4&#8243;][vc_single_image image=&#8220;15776&#8243; img_size=&#8220;253&#215;253&#8243; onclick=&#8220;link_image&#8220; qode_css_animation=&#8220;&#8220;][\/vc_column][vc_column width=&#8220;1\/4&#8243;][vc_single_image image=&#8220;15774&#8243; img_size=&#8220;253&#215;253&#8243; onclick=&#8220;link_image&#8220; qode_css_animation=&#8220;&#8220;][\/vc_column][vc_column width=&#8220;1\/2&#8243;][vc_single_image image=&#8220;15772&#8243; img_size=&#8220;535&#215;253&#8243; onclick=&#8220;link_image&#8220; qode_css_animation=&#8220;&#8220;][\/vc_column][\/vc_row][vc_row row_type=&#8220;row&#8220; use_row_as_full_screen_section=&#8220;no&#8220; type=&#8220;full_width&#8220; angled_section=&#8220;no&#8220; text_align=&#8220;left&#8220; background_image_as_pattern=&#8220;without_pattern&#8220; css_animation=&#8220;&#8220;][vc_column][vc_empty_space height=&#8220;64px&#8220;][\/vc_column][\/vc_row]<\/p>\n<\/section>","protected":false},"excerpt":{"rendered":"<p>[vc_row row_type=&#8220;row&#8220; use_row_as_full_screen_section=&#8220;no&#8220; type=&#8220;full_width&#8220; angled_section=&#8220;no&#8220; text_align=&#8220;left&#8220; background_image_as_pattern=&#8220;without_pattern&#8220; css_animation=&#8220;&#8220;][vc_column][vc_column_text] Bildungswesen [\/vc_column_text][vc_separator type=&#8220;small&#8220; position=&#8220;center&#8220; color=&#8220;#f16421&#8243;][vc_column_text] Wir verbringen viel Zeit in den Bildungsanstalten. Gerade darum ist es wichtig, dass wir uns dort wohlf\u00fchlen. Genug dynamisches Licht hilft dabei und sorgt daf\u00fcr, dass wir uns besser konzentrieren k\u00f6nnen und&#8230;<\/p>\n","protected":false},"author":3,"featured_media":0,"parent":16499,"menu_order":0,"comment_status":"closed","ping_status":"closed","template":"","meta":[],"yoast_head":"<!-- This site is optimized with the Yoast SEO plugin v20.0 - https:\/\/yoast.com\/wordpress\/plugins\/seo\/ -->\n<title>Bildungswesen - AMMANU<\/title>\n<meta name=\"robots\" content=\"index, follow, max-snippet:-1, max-image-preview:large, max-video-preview:-1\" \/>\n<link rel=\"canonical\" href=\"https:\/\/www.ammanu.com\/de\/ammanu-anwendungen\/bildungswesen\/\" \/>\n<meta property=\"og:locale\" content=\"de_DE\" \/>\n<meta property=\"og:type\" content=\"article\" \/>\n<meta property=\"og:title\" content=\"Bildungswesen - AMMANU\" \/>\n<meta property=\"og:description\" content=\"[vc_row row_type=&#8220;row&#8220; use_row_as_full_screen_section=&#8220;no&#8220; type=&#8220;full_width&#8220; angled_section=&#8220;no&#8220; text_align=&#8220;left&#8220; background_image_as_pattern=&#8220;without_pattern&#8220; css_animation=&#8220;&#8220;][vc_column][vc_column_text] Bildungswesen [\/vc_column_text][vc_separator type=&#8220;small&#8220; position=&#8220;center&#8220; color=&#8220;#f16421&#8243;][vc_column_text] Wir verbringen viel Zeit in den Bildungsanstalten. Gerade darum ist es wichtig, dass wir uns dort wohlf\u00fchlen. Genug dynamisches Licht hilft dabei und sorgt daf\u00fcr, dass wir uns besser konzentrieren k\u00f6nnen und...\" \/>\n<meta property=\"og:url\" content=\"https:\/\/www.ammanu.com\/de\/ammanu-anwendungen\/bildungswesen\/\" \/>\n<meta property=\"og:site_name\" content=\"AMMANU\" \/>\n<meta property=\"article:modified_time\" content=\"2017-04-15T16:17:44+00:00\" \/>\n<meta name=\"twitter:card\" content=\"summary_large_image\" \/>\n<meta name=\"twitter:site\" content=\"@AmmanuLED\" \/>\n<meta name=\"twitter:label1\" content=\"Gesch\u00e4tzte Lesezeit\" \/>\n\t<meta name=\"twitter:data1\" content=\"2\u00a0Minuten\" \/>\n<script type=\"application\/ld+json\" class=\"yoast-schema-graph\">{\"@context\":\"https:\/\/schema.org\",\"@graph\":[{\"@type\":\"WebPage\",\"@id\":\"https:\/\/www.ammanu.com\/de\/ammanu-anwendungen\/bildungswesen\/\",\"url\":\"https:\/\/www.ammanu.com\/de\/ammanu-anwendungen\/bildungswesen\/\",\"name\":\"Bildungswesen - AMMANU\",\"isPartOf\":{\"@id\":\"https:\/\/www.ammanu.com\/#website\"},\"datePublished\":\"2017-04-15T16:17:42+00:00\",\"dateModified\":\"2017-04-15T16:17:44+00:00\",\"breadcrumb\":{\"@id\":\"https:\/\/www.ammanu.com\/de\/ammanu-anwendungen\/bildungswesen\/#breadcrumb\"},\"inLanguage\":\"de\",\"potentialAction\":[{\"@type\":\"ReadAction\",\"target\":[\"https:\/\/www.ammanu.com\/de\/ammanu-anwendungen\/bildungswesen\/\"]}]},{\"@type\":\"BreadcrumbList\",\"@id\":\"https:\/\/www.ammanu.com\/de\/ammanu-anwendungen\/bildungswesen\/#breadcrumb\",\"itemListElement\":[{\"@type\":\"ListItem\",\"position\":1,\"name\":\"Home\",\"item\":\"https:\/\/www.ammanu.com\/de\/\"},{\"@type\":\"ListItem\",\"position\":2,\"name\":\"Ammanu Anwendungen\",\"item\":\"https:\/\/www.ammanu.com\/de\/ammanu-anwendungen\/\"},{\"@type\":\"ListItem\",\"position\":3,\"name\":\"Bildungswesen\"}]},{\"@type\":\"WebSite\",\"@id\":\"https:\/\/www.ammanu.com\/#website\",\"url\":\"https:\/\/www.ammanu.com\/\",\"name\":\"AMMANU\",\"description\":\"LED Intelligence\",\"publisher\":{\"@id\":\"https:\/\/www.ammanu.com\/#organization\"},\"potentialAction\":[{\"@type\":\"SearchAction\",\"target\":{\"@type\":\"EntryPoint\",\"urlTemplate\":\"https:\/\/www.ammanu.com\/?s={search_term_string}\"},\"query-input\":\"required name=search_term_string\"}],\"inLanguage\":\"de\"},{\"@type\":\"Organization\",\"@id\":\"https:\/\/www.ammanu.com\/#organization\",\"name\":\"AMMANU LED-Intelligence\",\"url\":\"https:\/\/www.ammanu.com\/\",\"logo\":{\"@type\":\"ImageObject\",\"inLanguage\":\"de\",\"@id\":\"https:\/\/www.ammanu.com\/#\/schema\/logo\/image\/\",\"url\":\"https:\/\/www.ammanu.com\/wp-content\/uploads\/2016\/08\/AMMANU-logo.png\",\"contentUrl\":\"https:\/\/www.ammanu.com\/wp-content\/uploads\/2016\/08\/AMMANU-logo.png\",\"width\":300,\"height\":48,\"caption\":\"AMMANU LED-Intelligence\"},\"image\":{\"@id\":\"https:\/\/www.ammanu.com\/#\/schema\/logo\/image\/\"},\"sameAs\":[\"http:\/\/nl.linkedin.com\/company\/ammanu\",\"https:\/\/uk.pinterest.com\/nielsleijten\/ammanu\/\",\"https:\/\/www.youtube.com\/channel\/UCfV00Ul3d9czFkqOd9kllUA\",\"https:\/\/twitter.com\/AmmanuLED\"]}]}<\/script>\n<!-- \/ Yoast SEO plugin. -->","yoast_head_json":{"title":"Bildungswesen - AMMANU","robots":{"index":"index","follow":"follow","max-snippet":"max-snippet:-1","max-image-preview":"max-image-preview:large","max-video-preview":"max-video-preview:-1"},"canonical":"https:\/\/www.ammanu.com\/de\/ammanu-anwendungen\/bildungswesen\/","og_locale":"de_DE","og_type":"article","og_title":"Bildungswesen - AMMANU","og_description":"[vc_row row_type=&#8220;row&#8220; use_row_as_full_screen_section=&#8220;no&#8220; type=&#8220;full_width&#8220; angled_section=&#8220;no&#8220; text_align=&#8220;left&#8220; background_image_as_pattern=&#8220;without_pattern&#8220; css_animation=&#8220;&#8220;][vc_column][vc_column_text] Bildungswesen [\/vc_column_text][vc_separator type=&#8220;small&#8220; position=&#8220;center&#8220; color=&#8220;#f16421&#8243;][vc_column_text] Wir verbringen viel Zeit in den Bildungsanstalten. Gerade darum ist es wichtig, dass wir uns dort wohlf\u00fchlen. Genug dynamisches Licht hilft dabei und sorgt daf\u00fcr, dass wir uns besser konzentrieren k\u00f6nnen und...","og_url":"https:\/\/www.ammanu.com\/de\/ammanu-anwendungen\/bildungswesen\/","og_site_name":"AMMANU","article_modified_time":"2017-04-15T16:17:44+00:00","twitter_card":"summary_large_image","twitter_site":"@AmmanuLED","twitter_misc":{"Gesch\u00e4tzte Lesezeit":"2\u00a0Minuten"},"schema":{"@context":"https:\/\/schema.org","@graph":[{"@type":"WebPage","@id":"https:\/\/www.ammanu.com\/de\/ammanu-anwendungen\/bildungswesen\/","url":"https:\/\/www.ammanu.com\/de\/ammanu-anwendungen\/bildungswesen\/","name":"Bildungswesen - AMMANU","isPartOf":{"@id":"https:\/\/www.ammanu.com\/#website"},"datePublished":"2017-04-15T16:17:42+00:00","dateModified":"2017-04-15T16:17:44+00:00","breadcrumb":{"@id":"https:\/\/www.ammanu.com\/de\/ammanu-anwendungen\/bildungswesen\/#breadcrumb"},"inLanguage":"de","potentialAction":[{"@type":"ReadAction","target":["https:\/\/www.ammanu.com\/de\/ammanu-anwendungen\/bildungswesen\/"]}]},{"@type":"BreadcrumbList","@id":"https:\/\/www.ammanu.com\/de\/ammanu-anwendungen\/bildungswesen\/#breadcrumb","itemListElement":[{"@type":"ListItem","position":1,"name":"Home","item":"https:\/\/www.ammanu.com\/de\/"},{"@type":"ListItem","position":2,"name":"Ammanu Anwendungen","item":"https:\/\/www.ammanu.com\/de\/ammanu-anwendungen\/"},{"@type":"ListItem","position":3,"name":"Bildungswesen"}]},{"@type":"WebSite","@id":"https:\/\/www.ammanu.com\/#website","url":"https:\/\/www.ammanu.com\/","name":"AMMANU","description":"LED Intelligence","publisher":{"@id":"https:\/\/www.ammanu.com\/#organization"},"potentialAction":[{"@type":"SearchAction","target":{"@type":"EntryPoint","urlTemplate":"https:\/\/www.ammanu.com\/?s={search_term_string}"},"query-input":"required name=search_term_string"}],"inLanguage":"de"},{"@type":"Organization","@id":"https:\/\/www.ammanu.com\/#organization","name":"AMMANU LED-Intelligence","url":"https:\/\/www.ammanu.com\/","logo":{"@type":"ImageObject","inLanguage":"de","@id":"https:\/\/www.ammanu.com\/#\/schema\/logo\/image\/","url":"https:\/\/www.ammanu.com\/wp-content\/uploads\/2016\/08\/AMMANU-logo.png","contentUrl":"https:\/\/www.ammanu.com\/wp-content\/uploads\/2016\/08\/AMMANU-logo.png","width":300,"height":48,"caption":"AMMANU LED-Intelligence"},"image":{"@id":"https:\/\/www.ammanu.com\/#\/schema\/logo\/image\/"},"sameAs":["http:\/\/nl.linkedin.com\/company\/ammanu","https:\/\/uk.pinterest.com\/nielsleijten\/ammanu\/","https:\/\/www.youtube.com\/channel\/UCfV00Ul3d9czFkqOd9kllUA","https:\/\/twitter.com\/AmmanuLED"]}]}},"_links":{"self":[{"href":"https:\/\/www.ammanu.com\/de\/wp-json\/wp\/v2\/pages\/16532"}],"collection":[{"href":"https:\/\/www.ammanu.com\/de\/wp-json\/wp\/v2\/pages"}],"about":[{"href":"https:\/\/www.ammanu.com\/de\/wp-json\/wp\/v2\/types\/page"}],"author":[{"embeddable":true,"href":"https:\/\/www.ammanu.com\/de\/wp-json\/wp\/v2\/users\/3"}],"replies":[{"embeddable":true,"href":"https:\/\/www.ammanu.com\/de\/wp-json\/wp\/v2\/comments?post=16532"}],"version-history":[{"count":2,"href":"https:\/\/www.ammanu.com\/de\/wp-json\/wp\/v2\/pages\/16532\/revisions"}],"predecessor-version":[{"id":16534,"href":"https:\/\/www.ammanu.com\/de\/wp-json\/wp\/v2\/pages\/16532\/revisions\/16534"}],"up":[{"embeddable":true,"href":"https:\/\/www.ammanu.com\/de\/wp-json\/wp\/v2\/pages\/16499"}],"wp:attachment":[{"href":"https:\/\/www.ammanu.com\/de\/wp-json\/wp\/v2\/media?parent=16532"}],"curies":[{"name":"wp","href":"https:\/\/api.w.org\/{rel}","templated":true}]}}