{"id":16543,"date":"2017-04-15T19:30:09","date_gmt":"2017-04-15T17:30:09","guid":{"rendered":"http:\/\/www.ammanu.com\/produkte\/"},"modified":"2017-04-15T21:07:04","modified_gmt":"2017-04-15T19:07:04","slug":"produkte","status":"publish","type":"page","link":"https:\/\/www.ammanu.com\/de\/produkte\/","title":{"rendered":"Produkte"},"content":{"rendered":"<section class=\"wpb-content-wrapper\"><p>[vc_row css_animation=&#8220;&#8220; row_type=&#8220;row&#8220; use_row_as_full_screen_section=&#8220;no&#8220; type=&#8220;grid&#8220; angled_section=&#8220;no&#8220; text_align=&#8220;center&#8220; background_image_as_pattern=&#8220;without_pattern&#8220; padding_top=&#8220;66&#8243; padding_bottom=&#8220;20&#8243; el_class=&#8220;custom-icon-styles&#8220;][vc_column][vc_row_inner row_type=&#8220;row&#8220; type=&#8220;full_width&#8220; text_align=&#8220;left&#8220; padding_bottom=&#8220;20&#8243; css_animation=&#8220;element_from_bottom&#8220; transition_delay=&#8220;150&#8243;][vc_column_inner][vc_column_text]<\/p>\n<h2 style=\"text-align: center; font-size: 30px; line-height: 34px;\">Die Vorteile der AMMANU LED-Beleuchtungsprodukte in einer Reihe:<\/h2>\n<p>[\/vc_column_text][\/vc_column_inner][\/vc_row_inner][\/vc_column][\/vc_row][vc_row css_animation=&#8220;&#8220; row_type=&#8220;row&#8220; use_row_as_full_screen_section=&#8220;no&#8220; type=&#8220;grid&#8220; angled_section=&#8220;no&#8220; text_align=&#8220;left&#8220; background_image_as_pattern=&#8220;without_pattern&#8220;][vc_column width=&#8220;1\/4&#8243;]<div class=\"q_icon_list\"><i class=\"qode_icon_font_awesome fa fa-check qode-ili-icon-holder circle\" style=\"\" ><\/i><p style=\"\">perfekte Farbwiedergabe<\/p><\/div><div class=\"q_icon_list\"><i class=\"qode_icon_font_awesome fa fa-check qode-ili-icon-holder circle\" style=\"\" ><\/i><p style=\"\">konstantes Licht ohne Flackern<\/p><\/div><div class=\"q_icon_list\"><i class=\"qode_icon_font_awesome fa fa-check qode-ili-icon-holder circle\" style=\"\" ><\/i><p style=\"\">dynamisches Licht: passt sich automatisch an die Farbtemperatur des Tageslichts an (warm und kalt)<\/p><\/div><div class=\"q_icon_list\"><i class=\"qode_icon_font_awesome fa fa-check qode-ili-icon-holder circle\" style=\"\" ><\/i><p style=\"\">eingebaute L\u00fcftungsgitter<\/p><\/div><div class=\"q_icon_list\"><i class=\"qode_icon_font_awesome fa fa-check qode-ili-icon-holder circle\" style=\"\" ><\/i><p style=\"\">hohe Qualit\u00e4t<\/p><\/div><div class=\"q_icon_list\"><i class=\"qode_icon_font_awesome fa fa-check qode-ili-icon-holder circle\" style=\"\" ><\/i><p style=\"\">langlebig<\/p><\/div><div class=\"q_icon_list\"><i class=\"qode_icon_font_awesome fa fa-check qode-ili-icon-holder circle\" style=\"\" ><\/i><p style=\"\">hergestellt aus wiederverwertbaren Materialien<\/p><\/div><div class=\"q_icon_list\"><i class=\"qode_icon_font_awesome fa fa-check qode-ili-icon-holder circle\" style=\"\" ><\/i><p style=\"\">kurze ROI (Return On Investment)<\/p><\/div>[\/vc_column][vc_column width=&#8220;1\/4&#8243; offset=&#8220;vc_col-lg-offset-1 vc_col-lg-3&#8243;]<div class=\"q_icon_list\"><i class=\"qode_icon_font_awesome fa fa-check qode-ili-icon-holder circle\" style=\"\" ><\/i><p style=\"\">Plug &amp; Play Anschl\u00fcsse<\/p><\/div><div class=\"q_icon_list\"><i class=\"qode_icon_font_awesome fa fa-check qode-ili-icon-holder circle\" style=\"\" ><\/i><p style=\"\">sehr geringe EMI (elektromagnetische Interferenzen)<\/p><\/div><div class=\"q_icon_list\"><i class=\"qode_icon_font_awesome fa fa-check qode-ili-icon-holder circle\" style=\"\" ><\/i><p style=\"\">keine Blendung<\/p><\/div><div class=\"q_icon_list\"><i class=\"qode_icon_font_awesome fa fa-check qode-ili-icon-holder circle\" style=\"\" ><\/i><p style=\"\">robustes Design<\/p><\/div><div class=\"q_icon_list\"><i class=\"qode_icon_font_awesome fa fa-check qode-ili-icon-holder circle\" style=\"\" ><\/i><p style=\"\">5 Jahre Garantie<\/p><\/div><div class=\"q_icon_list\"><i class=\"qode_icon_font_awesome fa fa-check qode-ili-icon-holder circle\" style=\"\" ><\/i><p style=\"\">europ\u00e4isches Produkt<\/p><\/div><div class=\"q_icon_list\"><i class=\"qode_icon_font_awesome fa fa-check qode-ili-icon-holder circle\" style=\"\" ><\/i><p style=\"\">niedrige TCO (Total Cost of Ownership)<\/p><\/div>[\/vc_column][vc_column width=&#8220;1\/3&#8243; offset=&#8220;vc_col-lg-offset-1 vc_col-lg-4&#8243;][vc_column_text]<\/p>\n<h3>AMMANU LED erkl\u00e4rt<\/h3>\n<p>[\/vc_column_text][vc_empty_space height=&#8220;16px&#8220;][vc_accordion active_tab=&#8220;false&#8220; collapsible=&#8220;yes&#8220; style=&#8220;accordion&#8220;][vc_accordion_tab title=&#8220;Dynamisches Licht&#8220;][vc_column_text]AMMANU liefert die besten LED-Leuchten, die der Markt derzeit zu bieten hat. Da das Licht im vollem Farbspektrum regelbar ist, schafft man eine stimulierende und nat\u00fcrliche Atmosph\u00e4re. Durch diese Lichtfarbenregelung, kombiniert mit einer 0,1 bis 100 % Intensit\u00e4tssteuerung, kann man von &#8222;echtem&#8220; dynamischem Licht sprechen, auch Human Centric Lighting (HCL) genannt. Warmes, gedimmtes Licht erzeugt z. B. bei Menschen eine entspannte Atmosph\u00e4re. K\u00fchles Licht mit hoher Intensit\u00e4t sorgt dagegen f\u00fcr mehr Aktivit\u00e4t bei Menschen. Die Anwendung dieser Technik erh\u00f6ht die Motivation und verringert Fehlzeiten. Eine Lehrerin, die in der Schule dynamisches Licht verwendet, ist in der Lage, ihre Sch\u00fcler durch die Beleuchtungssteuerung zu beruhigen oder zu aktivieren. Dynamisches Licht wirkt sich auch auf das Wohlbefinden und die Emotionen von Patienten und Bewohnern in Pflegeeinrichtungen aus.[\/vc_column_text][\/vc_accordion_tab][vc_accordion_tab title=&#8220;Tageslicht&#8220;][vc_column_text]Das Tageslicht hat ein breites Farbspektrum mit subtilen Ver\u00e4nderungen in der Farbtemperatur. Dies geschieht vom Sonnenaufgang bis zum Sonnenuntergang. Das Licht gibt dem K\u00f6rper und dem Geist Kraft und Energie f\u00fcr den ganzen Tag. Tageslicht ist f\u00fcr unser gutes Wohlbefinden wichtig.[\/vc_column_text][\/vc_accordion_tab][vc_accordion_tab title=&#8220;Colour Rendering Index (CRI)&#8220;][vc_column_text]Zur Beurteilung einer Farbe ist ein Farbwiedergabe-Index \u2013 ein hoher CRI-Wert wichtig. Lichtquellen mit einem hohen CRI erzeugen bei der Farbwiedergabe die beste Qualit\u00e4t von Objekten. Mit diesem hohem CRI bekommt man ein realistisches Bild im Vergleich zum Tageslicht. AMMANU LED-Beleuchtung hat einen Standard von einem minimalem CRI von 87.[\/vc_column_text][\/vc_accordion_tab][vc_accordion_tab title=&#8220;Flackern&#8220;][vc_column_text]Konform dem Tageslicht flackern die Leuchten von AMMANU nicht (keine St\u00f6rungen von 50 Hz Frequenz). Auch bei der Verwendung einer PWM (Pulsweitenmodulation) flackert die Beleuchtung nicht. Der Benutzer bekommt keine erm\u00fcdeten Augen und die Beleuchtung wird &#8222;unbewusst&#8220; als angenehm wahrgenommen.[\/vc_column_text][vc_empty_space height=&#8220;16px&#8220;][\/vc_accordion_tab][\/vc_accordion][\/vc_column][\/vc_row][vc_row css_animation=&#8220;&#8220; row_type=&#8220;row&#8220; use_row_as_full_screen_section=&#8220;no&#8220; type=&#8220;full_width&#8220; angled_section=&#8220;no&#8220; text_align=&#8220;left&#8220; background_image_as_pattern=&#8220;without_pattern&#8220;][vc_column][vc_empty_space][\/vc_column][\/vc_row][vc_row css_animation=&#8220;&#8220; row_type=&#8220;row&#8220; use_row_as_full_screen_section=&#8220;no&#8220; type=&#8220;full_width&#8220; angled_section=&#8220;no&#8220; text_align=&#8220;left&#8220; background_image_as_pattern=&#8220;without_pattern&#8220; background_color=&#8220;#f6f6f6&#8243;][vc_column][vc_empty_space height=&#8220;48px&#8220;][vc_column_text]<\/p>\n<h3 style=\"text-align: center;\">Serien<\/h3>\n<p>[\/vc_column_text][vc_separator type=&#8220;small&#8220; position=&#8220;center&#8220; color=&#8220;#f16421&#8243;][vc_empty_space height=&#8220;24px&#8220;][vc_row_inner row_type=&#8220;row&#8220; type=&#8220;grid&#8220; text_align=&#8220;left&#8220; css_animation=&#8220;&#8220;][vc_column_inner width=&#8220;1\/3&#8243; css=&#8220;.vc_custom_1471441106915{padding-right: 30px !important;padding-left: 30px !important;}&#8220;][vc_column_text]<\/p>\n<h4 style=\"text-align: center;\">Alpha-Serie<\/h4>\n<p>[\/vc_column_text][vc_empty_space height=&#8220;8px&#8220;][vc_single_image image=&#8220;15683&#8243; img_size=&#8220;full&#8220; onclick=&#8220;custom_link&#8220; qode_css_animation=&#8220;&#8220; link=&#8220;https:\/\/www.ammanu.com\/products\/alpha-series\/&#8220;][vc_empty_space height=&#8220;16px&#8220;][vc_column_text]<\/p>\n<p style=\"text-align: center;\">Die Modelle der Alpha-Serie gew\u00e4hren einen neuen, frischen Blick auf die konventionellen Einsatzleuchten. Die Alpha-Serie bietet Leuchten mit allgemeiner, dynamischer Beleuchtung an, die optimal zum Lernen, Arbeiten und Wohnen verwendet werden k\u00f6nnen.<br \/>\n<a href=\"\/?page_id=15715\">Weiterlesen<\/a><\/p>\n<p>[\/vc_column_text][\/vc_column_inner][vc_column_inner width=&#8220;1\/3&#8243; css=&#8220;.vc_custom_1471441115768{padding-right: 30px !important;padding-left: 30px !important;}&#8220;][vc_column_text]<\/p>\n<h4 style=\"text-align: center;\">Aldini-Serie<\/h4>\n<p>[\/vc_column_text][vc_empty_space height=&#8220;8px&#8220;][vc_single_image image=&#8220;15682&#8243; img_size=&#8220;full&#8220; onclick=&#8220;custom_link&#8220; qode_css_animation=&#8220;&#8220; link=&#8220;https:\/\/www.ammanu.com\/products\/aldini-series\/&#8220;][vc_empty_space height=&#8220;16px&#8220;][vc_column_text]<\/p>\n<p style=\"text-align: center;\">Die gro\u00dfen robusten Leuchten der Aldini Serie sind eine Erg\u00e4nzung zu unserer Produktpalette. Eine sehr gut entworfene Retro-Design-Leuchte, die alle einzigartigen Eigenschaften der AMMANU Leuchte besitzt.<br \/>\n<a href=\"\/?page_id=15906\">Weiterlesen<\/a><\/p>\n<p>[\/vc_column_text][\/vc_column_inner][vc_column_inner width=&#8220;1\/3&#8243; css=&#8220;.vc_custom_1471441127342{padding-right: 30px !important;padding-left: 30px !important;}&#8220;][vc_column_text]<\/p>\n<h4 style=\"text-align: center;\">Littrow-Serie<\/h4>\n<p>[\/vc_column_text][vc_empty_space height=&#8220;8px&#8220;][vc_single_image image=&#8220;15684&#8243; img_size=&#8220;full&#8220; onclick=&#8220;custom_link&#8220; qode_css_animation=&#8220;&#8220; link=&#8220;https:\/\/www.ammanu.com\/products\/littrow-series\/&#8220;][vc_empty_space height=&#8220;16px&#8220;][vc_column_text]<\/p>\n<p style=\"text-align: center;\">Die Littrow-Serie bietet eine Reihe von gro\u00dfen und kleinen Downlight Spots mit einem einzigartigen Aussehen und einer Lichtwiedergabe an, durch u.a. den schwebenden Reflektor im Geh\u00e4use.<br \/>\n<a href=\"\/?page_id=15893\">Weiterlesen<\/a><\/p>\n<p>[\/vc_column_text][\/vc_column_inner][\/vc_row_inner][vc_empty_space][vc_row_inner row_type=&#8220;row&#8220; type=&#8220;grid&#8220; text_align=&#8220;left&#8220; css_animation=&#8220;&#8220;][vc_column_inner width=&#8220;1\/2&#8243; css=&#8220;.vc_custom_1471441258573{padding-right: 30px !important;padding-left: 30px !important;}&#8220;][vc_column_text]<\/p>\n<h4 style=\"text-align: center;\">Sirius-Serie<\/h4>\n<p>[\/vc_column_text][vc_empty_space height=&#8220;8px&#8220;][vc_single_image image=&#8220;15686&#8243; img_size=&#8220;full&#8220; onclick=&#8220;custom_link&#8220; qode_css_animation=&#8220;&#8220; link=&#8220;https:\/\/www.ammanu.com\/products\/sirius-series\/&#8220;][vc_empty_space height=&#8220;16px&#8220;][vc_column_text]<\/p>\n<p style=\"text-align: center;\">Die Sirius-Serie ist unser neuester multifunktionaler Spot, der an verschiedenen Stellen verwendet werden k\u00f6nnen, von Sportanlagen, Einzelhandel und Gesundheitswesen bis hin zu industriellen Anwendungen.<br \/>\n<a href=\"\/?page_id=15907\">Weiterlesen<\/a><\/p>\n<p>[\/vc_column_text][\/vc_column_inner][vc_column_inner width=&#8220;1\/2&#8243; css=&#8220;.vc_custom_1471441265833{padding-right: 30px !important;padding-left: 30px !important;}&#8220;][vc_column_text]<\/p>\n<h4 style=\"text-align: center;\">Proxima-Serie<\/h4>\n<p>[\/vc_column_text][vc_empty_space height=&#8220;8px&#8220;][vc_single_image image=&#8220;15685&#8243; img_size=&#8220;full&#8220; onclick=&#8220;custom_link&#8220; qode_css_animation=&#8220;&#8220; link=&#8220;https:\/\/www.ammanu.com\/products\/proxima-series\/&#8220;][vc_empty_space height=&#8220;16px&#8220;][vc_column_text]<\/p>\n<p style=\"text-align: center;\">Das Proxima Modul ist ein vielseitiges Produkt. Mit diesem Modul kannst du jede gew\u00fcnschte L\u00f6sung erstellen, nat\u00fcrlich mit der AMMANU Qualit\u00e4t und den Optionen Tunable White.<br \/>\n<a href=\"\/?page_id=15941\">Weiterlesen<\/a><\/p>\n<p>[\/vc_column_text][\/vc_column_inner][\/vc_row_inner][vc_empty_space height=&#8220;64px&#8220;][\/vc_column][\/vc_row]<\/p>\n<\/section>","protected":false},"excerpt":{"rendered":"<p>[vc_row css_animation=&#8220;&#8220; row_type=&#8220;row&#8220; use_row_as_full_screen_section=&#8220;no&#8220; type=&#8220;grid&#8220; angled_section=&#8220;no&#8220; text_align=&#8220;center&#8220; background_image_as_pattern=&#8220;without_pattern&#8220; padding_top=&#8220;66&#8243; padding_bottom=&#8220;20&#8243; el_class=&#8220;custom-icon-styles&#8220;][vc_column][vc_row_inner row_type=&#8220;row&#8220; type=&#8220;full_width&#8220; text_align=&#8220;left&#8220; padding_bottom=&#8220;20&#8243; css_animation=&#8220;element_from_bottom&#8220; transition_delay=&#8220;150&#8243;][vc_column_inner][vc_column_text] Die Vorteile der AMMANU LED-Beleuchtungsprodukte in einer Reihe: [\/vc_column_text][\/vc_column_inner][\/vc_row_inner][\/vc_column][\/vc_row][vc_row css_animation=&#8220;&#8220; row_type=&#8220;row&#8220; use_row_as_full_screen_section=&#8220;no&#8220; type=&#8220;grid&#8220; angled_section=&#8220;no&#8220; text_align=&#8220;left&#8220; background_image_as_pattern=&#8220;without_pattern&#8220;][vc_column width=&#8220;1\/4&#8243;][\/vc_column][vc_column width=&#8220;1\/4&#8243; offset=&#8220;vc_col-lg-offset-1 vc_col-lg-3&#8243;][\/vc_column][vc_column width=&#8220;1\/3&#8243; offset=&#8220;vc_col-lg-offset-1 vc_col-lg-4&#8243;][vc_column_text] AMMANU LED erkl\u00e4rt [\/vc_column_text][vc_empty_space height=&#8220;16px&#8220;][vc_accordion&#8230;<\/p>\n","protected":false},"author":3,"featured_media":0,"parent":0,"menu_order":0,"comment_status":"open","ping_status":"closed","template":"full_width.php","meta":[],"yoast_head":"<!-- This site is optimized with the Yoast SEO plugin v20.0 - https:\/\/yoast.com\/wordpress\/plugins\/seo\/ -->\n<title>Produkte - AMMANU<\/title>\n<meta name=\"robots\" content=\"index, follow, max-snippet:-1, max-image-preview:large, max-video-preview:-1\" \/>\n<link rel=\"canonical\" href=\"https:\/\/www.ammanu.com\/de\/produkte\/\" \/>\n<meta property=\"og:locale\" content=\"de_DE\" \/>\n<meta property=\"og:type\" content=\"article\" \/>\n<meta property=\"og:title\" content=\"Produkte - AMMANU\" \/>\n<meta property=\"og:description\" content=\"[vc_row css_animation=&#8220;&#8220; row_type=&#8220;row&#8220; use_row_as_full_screen_section=&#8220;no&#8220; type=&#8220;grid&#8220; angled_section=&#8220;no&#8220; text_align=&#8220;center&#8220; background_image_as_pattern=&#8220;without_pattern&#8220; padding_top=&#8220;66&#8243; padding_bottom=&#8220;20&#8243; el_class=&#8220;custom-icon-styles&#8220;][vc_column][vc_row_inner row_type=&#8220;row&#8220; type=&#8220;full_width&#8220; text_align=&#8220;left&#8220; padding_bottom=&#8220;20&#8243; css_animation=&#8220;element_from_bottom&#8220; transition_delay=&#8220;150&#8243;][vc_column_inner][vc_column_text] Die Vorteile der AMMANU LED-Beleuchtungsprodukte in einer Reihe: [\/vc_column_text][\/vc_column_inner][\/vc_row_inner][\/vc_column][\/vc_row][vc_row css_animation=&#8220;&#8220; row_type=&#8220;row&#8220; use_row_as_full_screen_section=&#8220;no&#8220; type=&#8220;grid&#8220; angled_section=&#8220;no&#8220; text_align=&#8220;left&#8220; background_image_as_pattern=&#8220;without_pattern&#8220;][vc_column width=&#8220;1\/4&#8243;][\/vc_column][vc_column width=&#8220;1\/4&#8243; offset=&#8220;vc_col-lg-offset-1 vc_col-lg-3&#8243;][\/vc_column][vc_column width=&#8220;1\/3&#8243; offset=&#8220;vc_col-lg-offset-1 vc_col-lg-4&#8243;][vc_column_text] AMMANU LED erkl\u00e4rt [\/vc_column_text][vc_empty_space height=&#8220;16px&#8220;][vc_accordion...\" \/>\n<meta property=\"og:url\" content=\"https:\/\/www.ammanu.com\/de\/produkte\/\" \/>\n<meta property=\"og:site_name\" content=\"AMMANU\" \/>\n<meta property=\"article:modified_time\" content=\"2017-04-15T19:07:04+00:00\" \/>\n<meta name=\"twitter:card\" content=\"summary_large_image\" \/>\n<meta name=\"twitter:site\" content=\"@AmmanuLED\" \/>\n<meta name=\"twitter:label1\" content=\"Gesch\u00e4tzte Lesezeit\" \/>\n\t<meta name=\"twitter:data1\" content=\"6\u00a0Minuten\" \/>\n<script type=\"application\/ld+json\" class=\"yoast-schema-graph\">{\"@context\":\"https:\/\/schema.org\",\"@graph\":[{\"@type\":\"WebPage\",\"@id\":\"https:\/\/www.ammanu.com\/de\/produkte\/\",\"url\":\"https:\/\/www.ammanu.com\/de\/produkte\/\",\"name\":\"Produkte - AMMANU\",\"isPartOf\":{\"@id\":\"https:\/\/www.ammanu.com\/#website\"},\"datePublished\":\"2017-04-15T17:30:09+00:00\",\"dateModified\":\"2017-04-15T19:07:04+00:00\",\"breadcrumb\":{\"@id\":\"https:\/\/www.ammanu.com\/de\/produkte\/#breadcrumb\"},\"inLanguage\":\"de\",\"potentialAction\":[{\"@type\":\"ReadAction\",\"target\":[\"https:\/\/www.ammanu.com\/de\/produkte\/\"]}]},{\"@type\":\"BreadcrumbList\",\"@id\":\"https:\/\/www.ammanu.com\/de\/produkte\/#breadcrumb\",\"itemListElement\":[{\"@type\":\"ListItem\",\"position\":1,\"name\":\"Home\",\"item\":\"https:\/\/www.ammanu.com\/de\/\"},{\"@type\":\"ListItem\",\"position\":2,\"name\":\"Produkte\"}]},{\"@type\":\"WebSite\",\"@id\":\"https:\/\/www.ammanu.com\/#website\",\"url\":\"https:\/\/www.ammanu.com\/\",\"name\":\"AMMANU\",\"description\":\"LED Intelligence\",\"publisher\":{\"@id\":\"https:\/\/www.ammanu.com\/#organization\"},\"potentialAction\":[{\"@type\":\"SearchAction\",\"target\":{\"@type\":\"EntryPoint\",\"urlTemplate\":\"https:\/\/www.ammanu.com\/?s={search_term_string}\"},\"query-input\":\"required name=search_term_string\"}],\"inLanguage\":\"de\"},{\"@type\":\"Organization\",\"@id\":\"https:\/\/www.ammanu.com\/#organization\",\"name\":\"AMMANU LED-Intelligence\",\"url\":\"https:\/\/www.ammanu.com\/\",\"logo\":{\"@type\":\"ImageObject\",\"inLanguage\":\"de\",\"@id\":\"https:\/\/www.ammanu.com\/#\/schema\/logo\/image\/\",\"url\":\"https:\/\/www.ammanu.com\/wp-content\/uploads\/2016\/08\/AMMANU-logo.png\",\"contentUrl\":\"https:\/\/www.ammanu.com\/wp-content\/uploads\/2016\/08\/AMMANU-logo.png\",\"width\":300,\"height\":48,\"caption\":\"AMMANU LED-Intelligence\"},\"image\":{\"@id\":\"https:\/\/www.ammanu.com\/#\/schema\/logo\/image\/\"},\"sameAs\":[\"http:\/\/nl.linkedin.com\/company\/ammanu\",\"https:\/\/uk.pinterest.com\/nielsleijten\/ammanu\/\",\"https:\/\/www.youtube.com\/channel\/UCfV00Ul3d9czFkqOd9kllUA\",\"https:\/\/twitter.com\/AmmanuLED\"]}]}<\/script>\n<!-- \/ Yoast SEO plugin. -->","yoast_head_json":{"title":"Produkte - AMMANU","robots":{"index":"index","follow":"follow","max-snippet":"max-snippet:-1","max-image-preview":"max-image-preview:large","max-video-preview":"max-video-preview:-1"},"canonical":"https:\/\/www.ammanu.com\/de\/produkte\/","og_locale":"de_DE","og_type":"article","og_title":"Produkte - AMMANU","og_description":"[vc_row css_animation=&#8220;&#8220; row_type=&#8220;row&#8220; use_row_as_full_screen_section=&#8220;no&#8220; type=&#8220;grid&#8220; angled_section=&#8220;no&#8220; text_align=&#8220;center&#8220; background_image_as_pattern=&#8220;without_pattern&#8220; padding_top=&#8220;66&#8243; padding_bottom=&#8220;20&#8243; el_class=&#8220;custom-icon-styles&#8220;][vc_column][vc_row_inner row_type=&#8220;row&#8220; type=&#8220;full_width&#8220; text_align=&#8220;left&#8220; padding_bottom=&#8220;20&#8243; css_animation=&#8220;element_from_bottom&#8220; transition_delay=&#8220;150&#8243;][vc_column_inner][vc_column_text] Die Vorteile der AMMANU LED-Beleuchtungsprodukte in einer Reihe: [\/vc_column_text][\/vc_column_inner][\/vc_row_inner][\/vc_column][\/vc_row][vc_row css_animation=&#8220;&#8220; row_type=&#8220;row&#8220; use_row_as_full_screen_section=&#8220;no&#8220; type=&#8220;grid&#8220; angled_section=&#8220;no&#8220; text_align=&#8220;left&#8220; background_image_as_pattern=&#8220;without_pattern&#8220;][vc_column width=&#8220;1\/4&#8243;][\/vc_column][vc_column width=&#8220;1\/4&#8243; offset=&#8220;vc_col-lg-offset-1 vc_col-lg-3&#8243;][\/vc_column][vc_column width=&#8220;1\/3&#8243; offset=&#8220;vc_col-lg-offset-1 vc_col-lg-4&#8243;][vc_column_text] AMMANU LED erkl\u00e4rt [\/vc_column_text][vc_empty_space height=&#8220;16px&#8220;][vc_accordion...","og_url":"https:\/\/www.ammanu.com\/de\/produkte\/","og_site_name":"AMMANU","article_modified_time":"2017-04-15T19:07:04+00:00","twitter_card":"summary_large_image","twitter_site":"@AmmanuLED","twitter_misc":{"Gesch\u00e4tzte Lesezeit":"6\u00a0Minuten"},"schema":{"@context":"https:\/\/schema.org","@graph":[{"@type":"WebPage","@id":"https:\/\/www.ammanu.com\/de\/produkte\/","url":"https:\/\/www.ammanu.com\/de\/produkte\/","name":"Produkte - AMMANU","isPartOf":{"@id":"https:\/\/www.ammanu.com\/#website"},"datePublished":"2017-04-15T17:30:09+00:00","dateModified":"2017-04-15T19:07:04+00:00","breadcrumb":{"@id":"https:\/\/www.ammanu.com\/de\/produkte\/#breadcrumb"},"inLanguage":"de","potentialAction":[{"@type":"ReadAction","target":["https:\/\/www.ammanu.com\/de\/produkte\/"]}]},{"@type":"BreadcrumbList","@id":"https:\/\/www.ammanu.com\/de\/produkte\/#breadcrumb","itemListElement":[{"@type":"ListItem","position":1,"name":"Home","item":"https:\/\/www.ammanu.com\/de\/"},{"@type":"ListItem","position":2,"name":"Produkte"}]},{"@type":"WebSite","@id":"https:\/\/www.ammanu.com\/#website","url":"https:\/\/www.ammanu.com\/","name":"AMMANU","description":"LED Intelligence","publisher":{"@id":"https:\/\/www.ammanu.com\/#organization"},"potentialAction":[{"@type":"SearchAction","target":{"@type":"EntryPoint","urlTemplate":"https:\/\/www.ammanu.com\/?s={search_term_string}"},"query-input":"required name=search_term_string"}],"inLanguage":"de"},{"@type":"Organization","@id":"https:\/\/www.ammanu.com\/#organization","name":"AMMANU LED-Intelligence","url":"https:\/\/www.ammanu.com\/","logo":{"@type":"ImageObject","inLanguage":"de","@id":"https:\/\/www.ammanu.com\/#\/schema\/logo\/image\/","url":"https:\/\/www.ammanu.com\/wp-content\/uploads\/2016\/08\/AMMANU-logo.png","contentUrl":"https:\/\/www.ammanu.com\/wp-content\/uploads\/2016\/08\/AMMANU-logo.png","width":300,"height":48,"caption":"AMMANU LED-Intelligence"},"image":{"@id":"https:\/\/www.ammanu.com\/#\/schema\/logo\/image\/"},"sameAs":["http:\/\/nl.linkedin.com\/company\/ammanu","https:\/\/uk.pinterest.com\/nielsleijten\/ammanu\/","https:\/\/www.youtube.com\/channel\/UCfV00Ul3d9czFkqOd9kllUA","https:\/\/twitter.com\/AmmanuLED"]}]}},"_links":{"self":[{"href":"https:\/\/www.ammanu.com\/de\/wp-json\/wp\/v2\/pages\/16543"}],"collection":[{"href":"https:\/\/www.ammanu.com\/de\/wp-json\/wp\/v2\/pages"}],"about":[{"href":"https:\/\/www.ammanu.com\/de\/wp-json\/wp\/v2\/types\/page"}],"author":[{"embeddable":true,"href":"https:\/\/www.ammanu.com\/de\/wp-json\/wp\/v2\/users\/3"}],"replies":[{"embeddable":true,"href":"https:\/\/www.ammanu.com\/de\/wp-json\/wp\/v2\/comments?post=16543"}],"version-history":[{"count":22,"href":"https:\/\/www.ammanu.com\/de\/wp-json\/wp\/v2\/pages\/16543\/revisions"}],"predecessor-version":[{"id":16606,"href":"https:\/\/www.ammanu.com\/de\/wp-json\/wp\/v2\/pages\/16543\/revisions\/16606"}],"wp:attachment":[{"href":"https:\/\/www.ammanu.com\/de\/wp-json\/wp\/v2\/media?parent=16543"}],"curies":[{"name":"wp","href":"https:\/\/api.w.org\/{rel}","templated":true}]}}