{"id":16589,"date":"2017-04-15T19:49:01","date_gmt":"2017-04-15T17:49:01","guid":{"rendered":"http:\/\/www.ammanu.com\/produkte\/proxima-serie\/"},"modified":"2017-04-15T19:49:02","modified_gmt":"2017-04-15T17:49:02","slug":"proxima-serie","status":"publish","type":"page","link":"https:\/\/www.ammanu.com\/de\/produkte\/proxima-serie\/","title":{"rendered":"Proxima-Serie"},"content":{"rendered":"<section class=\"wpb-content-wrapper\"><p>[vc_row row_type=&#8220;row&#8220; use_row_as_full_screen_section=&#8220;no&#8220; type=&#8220;full_width&#8220; angled_section=&#8220;no&#8220; text_align=&#8220;left&#8220; background_image_as_pattern=&#8220;without_pattern&#8220; css_animation=&#8220;&#8220;][vc_column][vc_empty_space height=&#8220;64px&#8220;][\/vc_column][\/vc_row][vc_row row_type=&#8220;row&#8220; use_row_as_full_screen_section=&#8220;no&#8220; type=&#8220;grid&#8220; angled_section=&#8220;no&#8220; text_align=&#8220;left&#8220; background_image_as_pattern=&#8220;without_pattern&#8220; css_animation=&#8220;&#8220;][vc_column width=&#8220;1\/2&#8243;][vc_single_image image=&#8220;16451&#8243; img_size=&#8220;600&#215;300&#8243; qode_css_animation=&#8220;&#8220;][vc_row_inner row_type=&#8220;row&#8220; type=&#8220;full_width&#8220; text_align=&#8220;left&#8220; css_animation=&#8220;&#8220;][vc_column_inner][vc_empty_space height=&#8220;10px&#8220;][vc_gallery type=&#8220;image_grid&#8220; images=&#8220;15943,15945,15946,15947,16337,16451,16452,15811&#8243; img_size=&#8220;200&#215;200&#8243; column_number=&#8220;4&#8243; grayscale=&#8220;no&#8220; images_space=&#8220;gallery_with_space&#8220;][\/vc_column_inner][\/vc_row_inner][\/vc_column][vc_column width=&#8220;1\/2&#8243;][vc_column_text]Das Proxima Modul ist ein vielseitiges Produkt. Mit diesem Modul kannst du jede gew\u00fcnschte L\u00f6sung erstellen, nat\u00fcrlich mit der AMMANU Qualit\u00e4t und den Optionen Tunable White. Laden Sie detailliertere Produktinformationen herunter. Oder suchen Sie nach den Anwendungen unserer Vorrichtungen wurden bereits verwendet.[\/vc_column_text][vc_empty_space]<a  itemprop=\"url\" href=\"https:\/\/www.ammanu.com\/wp-content\/uploads\/2016\/08\/BX36-2G3S8-Specs-v1.0.pdf\" target=\"_blank\"  class=\"qbutton  default\" style=\"\">Download Productsheet<i class=\"qode_icon_font_awesome fa fa-cloud-download qode_button_icon_element\" style=\"\" ><\/i><\/a>[\/vc_column][\/vc_row][vc_row row_type=&#8220;row&#8220; use_row_as_full_screen_section=&#8220;no&#8220; type=&#8220;full_width&#8220; angled_section=&#8220;no&#8220; text_align=&#8220;left&#8220; background_image_as_pattern=&#8220;without_pattern&#8220; css_animation=&#8220;&#8220;][vc_column width=&#8220;1\/3&#8243; offset=&#8220;vc_col-lg-offset-4 vc_col-lg-4&#8243; el_class=&#8220;center&#8220;][\/vc_column][\/vc_row][vc_row row_type=&#8220;row&#8220; use_row_as_full_screen_section=&#8220;yes&#8220; type=&#8220;full_width&#8220; angled_section=&#8220;no&#8220; text_align=&#8220;left&#8220; background_image_as_pattern=&#8220;without_pattern&#8220; css_animation=&#8220;&#8220;][vc_column][vc_empty_space height=&#8220;64px&#8220;][\/vc_column][vc_column][vc_row_inner row_type=&#8220;row&#8220; type=&#8220;full_width&#8220; text_align=&#8220;left&#8220; css_animation=&#8220;&#8220;][vc_column_inner][vc_column_text]<\/p>\n<h3 style=\"text-align: center;\">Geeignet f\u00fcr diese Anwendungen<\/h3>\n<p>[\/vc_column_text][vc_separator type=&#8220;small&#8220; position=&#8220;center&#8220; color=&#8220;#f16421&#8243;][vc_empty_space][\/vc_column_inner][\/vc_row_inner][vc_row_inner row_type=&#8220;row&#8220; type=&#8220;full_width&#8220; text_align=&#8220;left&#8220; css_animation=&#8220;&#8220;][vc_column_inner width=&#8220;1\/3&#8243; css=&#8220;.vc_custom_1471446011817{margin-right: 0px !important;margin-left: 0px !important;padding-right: 0px !important;padding-left: 0px !important;}&#8220;]<div class=\"q_image_with_text_over\"><div class=\"shader\" ><\/div><img itemprop=\"image\" src=\"https:\/\/www.ammanu.com\/wp-content\/uploads\/2016\/08\/zorg-1.jpg\" alt=\"Healthcare<br \/>\n<em>Optimal health and optimal light go hand in hand<\/em>\" \/><div class=\"text\"><table><tr><td><h3 class=\"caption no_icon\" style=\"\">Healthcare<br \/>\n<em>Optimal health and optimal light go hand in hand<\/em><\/h3><\/td><\/tr><\/table><table><tr><td><div class=\"desc\">Especially in healthcare the need for good and dynamic lighting is very big. In order to do the work optimally and improve the quality of life in these centers. Good light improves health, workability and provides a faster recovery and a better night&#8217;s sleep of patients and clients.<\/p>\n<p><a class=\"qbutton default\" style=\"margin: 0 5px 0 0;\" href=\"https:\/\/www.ammanu.com\/toepassingen\/zorg\/\" target=\"_self\">Find Out More<\/a><\/div><\/td><\/tr><\/table><\/div><\/div>[\/vc_column_inner][vc_column_inner width=&#8220;1\/3&#8243; css=&#8220;.vc_custom_1471446019891{margin-right: 0px !important;margin-left: 0px !important;padding-right: 0px !important;padding-left: 0px !important;}&#8220;]<div class=\"q_image_with_text_over\"><div class=\"shader\" ><\/div><img itemprop=\"image\" src=\"https:\/\/www.ammanu.com\/wp-content\/uploads\/2014\/05\/featured-onderwijs.jpg\" alt=\"Schools<br \/>\n<em>Learn and perform better with AMMANU<br \/>\nlighting solutions<\/em>\" \/><div class=\"text\"><table><tr><td><h3 class=\"caption no_icon\" style=\"\">Schools<br \/>\n<em>Learn and perform better with AMMANU<br \/>\nlighting solutions<\/em><\/h3><\/td><\/tr><\/table><table><tr><td><div class=\"desc\">We spend a lot of time in the educational environment and it is important that we feel comfortable there. Sufficient and dynamic light is helping and takes care that we feel better and have better concentration level.<\/p>\n<p><a class=\"qbutton default\" style=\"margin: 0 5px 0 0;\" href=\"https:\/\/www.ammanu.com\/toepassingen\/zorg\/\" target=\"_self\">Find Out More<\/a><\/div><\/td><\/tr><\/table><\/div><\/div>[\/vc_column_inner][vc_column_inner width=&#8220;1\/3&#8243; css=&#8220;.vc_custom_1471446027766{margin-right: 0px !important;margin-left: 0px !important;padding-right: 0px !important;padding-left: 0px !important;}&#8220;]<div class=\"q_image_with_text_over\"><div class=\"shader\" ><\/div><img itemprop=\"image\" src=\"https:\/\/www.ammanu.com\/wp-content\/uploads\/2014\/05\/featured-kantoor-1.jpg\" alt=\"Offices<br \/>\n<em>LED-Solutions for the working of tomorrow <\/em>\" \/><div class=\"text\"><table><tr><td><h3 class=\"caption no_icon\" style=\"\">Offices<br \/>\n<em>LED-Solutions for the working of tomorrow <\/em><\/h3><\/td><\/tr><\/table><table><tr><td><div class=\"desc\">An inspiring working environment is not only pleasant, but also important. Working with dynamic lighting without flicker keeps people sharp throughout the day. It makes a better atmosphere, with more output and therefore a more pleasant work environment.<\/p>\n<p><a class=\"qbutton default\" style=\"margin: 0 5px 0 0;\" href=\"https:\/\/www.ammanu.com\/applications\/offices\/\" target=\"_self\">Find Out More<\/a><\/div><\/td><\/tr><\/table><\/div><\/div>[\/vc_column_inner][\/vc_row_inner][\/vc_column][\/vc_row]<\/p>\n<\/section>","protected":false},"excerpt":{"rendered":"<p>[vc_row row_type=&#8220;row&#8220; use_row_as_full_screen_section=&#8220;no&#8220; type=&#8220;full_width&#8220; angled_section=&#8220;no&#8220; text_align=&#8220;left&#8220; background_image_as_pattern=&#8220;without_pattern&#8220; css_animation=&#8220;&#8220;][vc_column][vc_empty_space height=&#8220;64px&#8220;][\/vc_column][\/vc_row][vc_row row_type=&#8220;row&#8220; use_row_as_full_screen_section=&#8220;no&#8220; type=&#8220;grid&#8220; angled_section=&#8220;no&#8220; text_align=&#8220;left&#8220; background_image_as_pattern=&#8220;without_pattern&#8220; css_animation=&#8220;&#8220;][vc_column width=&#8220;1\/2&#8243;][vc_single_image image=&#8220;16451&#8243; img_size=&#8220;600&#215;300&#8243; qode_css_animation=&#8220;&#8220;][vc_row_inner row_type=&#8220;row&#8220; type=&#8220;full_width&#8220; text_align=&#8220;left&#8220; css_animation=&#8220;&#8220;][vc_column_inner][vc_empty_space height=&#8220;10px&#8220;][vc_gallery type=&#8220;image_grid&#8220; images=&#8220;15943,15945,15946,15947,16337,16451,16452,15811&#8243; img_size=&#8220;200&#215;200&#8243; column_number=&#8220;4&#8243; grayscale=&#8220;no&#8220; images_space=&#8220;gallery_with_space&#8220;][\/vc_column_inner][\/vc_row_inner][\/vc_column][vc_column width=&#8220;1\/2&#8243;][vc_column_text]Das Proxima Modul ist ein vielseitiges Produkt. Mit diesem Modul kannst du jede gew\u00fcnschte&#8230;<\/p>\n","protected":false},"author":3,"featured_media":0,"parent":16543,"menu_order":0,"comment_status":"closed","ping_status":"closed","template":"full_width.php","meta":[],"yoast_head":"<!-- This site is optimized with the Yoast SEO plugin v20.0 - https:\/\/yoast.com\/wordpress\/plugins\/seo\/ -->\n<title>Proxima-Serie - AMMANU<\/title>\n<meta name=\"robots\" content=\"index, follow, max-snippet:-1, max-image-preview:large, max-video-preview:-1\" \/>\n<link rel=\"canonical\" href=\"https:\/\/www.ammanu.com\/de\/produkte\/proxima-serie\/\" \/>\n<meta property=\"og:locale\" content=\"de_DE\" \/>\n<meta property=\"og:type\" content=\"article\" \/>\n<meta property=\"og:title\" content=\"Proxima-Serie - AMMANU\" \/>\n<meta property=\"og:description\" content=\"[vc_row row_type=&#8220;row&#8220; use_row_as_full_screen_section=&#8220;no&#8220; type=&#8220;full_width&#8220; angled_section=&#8220;no&#8220; text_align=&#8220;left&#8220; background_image_as_pattern=&#8220;without_pattern&#8220; css_animation=&#8220;&#8220;][vc_column][vc_empty_space height=&#8220;64px&#8220;][\/vc_column][\/vc_row][vc_row row_type=&#8220;row&#8220; use_row_as_full_screen_section=&#8220;no&#8220; type=&#8220;grid&#8220; angled_section=&#8220;no&#8220; text_align=&#8220;left&#8220; background_image_as_pattern=&#8220;without_pattern&#8220; css_animation=&#8220;&#8220;][vc_column width=&#8220;1\/2&#8243;][vc_single_image image=&#8220;16451&#8243; img_size=&#8220;600&#215;300&#8243; qode_css_animation=&#8220;&#8220;][vc_row_inner row_type=&#8220;row&#8220; type=&#8220;full_width&#8220; text_align=&#8220;left&#8220; css_animation=&#8220;&#8220;][vc_column_inner][vc_empty_space height=&#8220;10px&#8220;][vc_gallery type=&#8220;image_grid&#8220; images=&#8220;15943,15945,15946,15947,16337,16451,16452,15811&#8243; img_size=&#8220;200&#215;200&#8243; column_number=&#8220;4&#8243; grayscale=&#8220;no&#8220; images_space=&#8220;gallery_with_space&#8220;][\/vc_column_inner][\/vc_row_inner][\/vc_column][vc_column width=&#8220;1\/2&#8243;][vc_column_text]Das Proxima Modul ist ein vielseitiges Produkt. Mit diesem Modul kannst du jede gew\u00fcnschte...\" \/>\n<meta property=\"og:url\" content=\"https:\/\/www.ammanu.com\/de\/produkte\/proxima-serie\/\" \/>\n<meta property=\"og:site_name\" content=\"AMMANU\" \/>\n<meta property=\"article:modified_time\" content=\"2017-04-15T17:49:02+00:00\" \/>\n<meta name=\"twitter:card\" content=\"summary_large_image\" \/>\n<meta name=\"twitter:site\" content=\"@AmmanuLED\" \/>\n<meta name=\"twitter:label1\" content=\"Gesch\u00e4tzte Lesezeit\" \/>\n\t<meta name=\"twitter:data1\" content=\"3\u00a0Minuten\" \/>\n<script type=\"application\/ld+json\" class=\"yoast-schema-graph\">{\"@context\":\"https:\/\/schema.org\",\"@graph\":[{\"@type\":\"WebPage\",\"@id\":\"https:\/\/www.ammanu.com\/de\/produkte\/proxima-serie\/\",\"url\":\"https:\/\/www.ammanu.com\/de\/produkte\/proxima-serie\/\",\"name\":\"Proxima-Serie - AMMANU\",\"isPartOf\":{\"@id\":\"https:\/\/www.ammanu.com\/#website\"},\"datePublished\":\"2017-04-15T17:49:01+00:00\",\"dateModified\":\"2017-04-15T17:49:02+00:00\",\"breadcrumb\":{\"@id\":\"https:\/\/www.ammanu.com\/de\/produkte\/proxima-serie\/#breadcrumb\"},\"inLanguage\":\"de\",\"potentialAction\":[{\"@type\":\"ReadAction\",\"target\":[\"https:\/\/www.ammanu.com\/de\/produkte\/proxima-serie\/\"]}]},{\"@type\":\"BreadcrumbList\",\"@id\":\"https:\/\/www.ammanu.com\/de\/produkte\/proxima-serie\/#breadcrumb\",\"itemListElement\":[{\"@type\":\"ListItem\",\"position\":1,\"name\":\"Home\",\"item\":\"https:\/\/www.ammanu.com\/de\/\"},{\"@type\":\"ListItem\",\"position\":2,\"name\":\"Produkte\",\"item\":\"https:\/\/www.ammanu.com\/de\/produkte\/\"},{\"@type\":\"ListItem\",\"position\":3,\"name\":\"Proxima-Serie\"}]},{\"@type\":\"WebSite\",\"@id\":\"https:\/\/www.ammanu.com\/#website\",\"url\":\"https:\/\/www.ammanu.com\/\",\"name\":\"AMMANU\",\"description\":\"LED Intelligence\",\"publisher\":{\"@id\":\"https:\/\/www.ammanu.com\/#organization\"},\"potentialAction\":[{\"@type\":\"SearchAction\",\"target\":{\"@type\":\"EntryPoint\",\"urlTemplate\":\"https:\/\/www.ammanu.com\/?s={search_term_string}\"},\"query-input\":\"required name=search_term_string\"}],\"inLanguage\":\"de\"},{\"@type\":\"Organization\",\"@id\":\"https:\/\/www.ammanu.com\/#organization\",\"name\":\"AMMANU LED-Intelligence\",\"url\":\"https:\/\/www.ammanu.com\/\",\"logo\":{\"@type\":\"ImageObject\",\"inLanguage\":\"de\",\"@id\":\"https:\/\/www.ammanu.com\/#\/schema\/logo\/image\/\",\"url\":\"https:\/\/www.ammanu.com\/wp-content\/uploads\/2016\/08\/AMMANU-logo.png\",\"contentUrl\":\"https:\/\/www.ammanu.com\/wp-content\/uploads\/2016\/08\/AMMANU-logo.png\",\"width\":300,\"height\":48,\"caption\":\"AMMANU LED-Intelligence\"},\"image\":{\"@id\":\"https:\/\/www.ammanu.com\/#\/schema\/logo\/image\/\"},\"sameAs\":[\"http:\/\/nl.linkedin.com\/company\/ammanu\",\"https:\/\/uk.pinterest.com\/nielsleijten\/ammanu\/\",\"https:\/\/www.youtube.com\/channel\/UCfV00Ul3d9czFkqOd9kllUA\",\"https:\/\/twitter.com\/AmmanuLED\"]}]}<\/script>\n<!-- \/ Yoast SEO plugin. -->","yoast_head_json":{"title":"Proxima-Serie - AMMANU","robots":{"index":"index","follow":"follow","max-snippet":"max-snippet:-1","max-image-preview":"max-image-preview:large","max-video-preview":"max-video-preview:-1"},"canonical":"https:\/\/www.ammanu.com\/de\/produkte\/proxima-serie\/","og_locale":"de_DE","og_type":"article","og_title":"Proxima-Serie - AMMANU","og_description":"[vc_row row_type=&#8220;row&#8220; use_row_as_full_screen_section=&#8220;no&#8220; type=&#8220;full_width&#8220; angled_section=&#8220;no&#8220; text_align=&#8220;left&#8220; background_image_as_pattern=&#8220;without_pattern&#8220; css_animation=&#8220;&#8220;][vc_column][vc_empty_space height=&#8220;64px&#8220;][\/vc_column][\/vc_row][vc_row row_type=&#8220;row&#8220; use_row_as_full_screen_section=&#8220;no&#8220; type=&#8220;grid&#8220; angled_section=&#8220;no&#8220; text_align=&#8220;left&#8220; background_image_as_pattern=&#8220;without_pattern&#8220; css_animation=&#8220;&#8220;][vc_column width=&#8220;1\/2&#8243;][vc_single_image image=&#8220;16451&#8243; img_size=&#8220;600&#215;300&#8243; qode_css_animation=&#8220;&#8220;][vc_row_inner row_type=&#8220;row&#8220; type=&#8220;full_width&#8220; text_align=&#8220;left&#8220; css_animation=&#8220;&#8220;][vc_column_inner][vc_empty_space height=&#8220;10px&#8220;][vc_gallery type=&#8220;image_grid&#8220; images=&#8220;15943,15945,15946,15947,16337,16451,16452,15811&#8243; img_size=&#8220;200&#215;200&#8243; column_number=&#8220;4&#8243; grayscale=&#8220;no&#8220; images_space=&#8220;gallery_with_space&#8220;][\/vc_column_inner][\/vc_row_inner][\/vc_column][vc_column width=&#8220;1\/2&#8243;][vc_column_text]Das Proxima Modul ist ein vielseitiges Produkt. Mit diesem Modul kannst du jede gew\u00fcnschte...","og_url":"https:\/\/www.ammanu.com\/de\/produkte\/proxima-serie\/","og_site_name":"AMMANU","article_modified_time":"2017-04-15T17:49:02+00:00","twitter_card":"summary_large_image","twitter_site":"@AmmanuLED","twitter_misc":{"Gesch\u00e4tzte Lesezeit":"3\u00a0Minuten"},"schema":{"@context":"https:\/\/schema.org","@graph":[{"@type":"WebPage","@id":"https:\/\/www.ammanu.com\/de\/produkte\/proxima-serie\/","url":"https:\/\/www.ammanu.com\/de\/produkte\/proxima-serie\/","name":"Proxima-Serie - AMMANU","isPartOf":{"@id":"https:\/\/www.ammanu.com\/#website"},"datePublished":"2017-04-15T17:49:01+00:00","dateModified":"2017-04-15T17:49:02+00:00","breadcrumb":{"@id":"https:\/\/www.ammanu.com\/de\/produkte\/proxima-serie\/#breadcrumb"},"inLanguage":"de","potentialAction":[{"@type":"ReadAction","target":["https:\/\/www.ammanu.com\/de\/produkte\/proxima-serie\/"]}]},{"@type":"BreadcrumbList","@id":"https:\/\/www.ammanu.com\/de\/produkte\/proxima-serie\/#breadcrumb","itemListElement":[{"@type":"ListItem","position":1,"name":"Home","item":"https:\/\/www.ammanu.com\/de\/"},{"@type":"ListItem","position":2,"name":"Produkte","item":"https:\/\/www.ammanu.com\/de\/produkte\/"},{"@type":"ListItem","position":3,"name":"Proxima-Serie"}]},{"@type":"WebSite","@id":"https:\/\/www.ammanu.com\/#website","url":"https:\/\/www.ammanu.com\/","name":"AMMANU","description":"LED Intelligence","publisher":{"@id":"https:\/\/www.ammanu.com\/#organization"},"potentialAction":[{"@type":"SearchAction","target":{"@type":"EntryPoint","urlTemplate":"https:\/\/www.ammanu.com\/?s={search_term_string}"},"query-input":"required name=search_term_string"}],"inLanguage":"de"},{"@type":"Organization","@id":"https:\/\/www.ammanu.com\/#organization","name":"AMMANU LED-Intelligence","url":"https:\/\/www.ammanu.com\/","logo":{"@type":"ImageObject","inLanguage":"de","@id":"https:\/\/www.ammanu.com\/#\/schema\/logo\/image\/","url":"https:\/\/www.ammanu.com\/wp-content\/uploads\/2016\/08\/AMMANU-logo.png","contentUrl":"https:\/\/www.ammanu.com\/wp-content\/uploads\/2016\/08\/AMMANU-logo.png","width":300,"height":48,"caption":"AMMANU LED-Intelligence"},"image":{"@id":"https:\/\/www.ammanu.com\/#\/schema\/logo\/image\/"},"sameAs":["http:\/\/nl.linkedin.com\/company\/ammanu","https:\/\/uk.pinterest.com\/nielsleijten\/ammanu\/","https:\/\/www.youtube.com\/channel\/UCfV00Ul3d9czFkqOd9kllUA","https:\/\/twitter.com\/AmmanuLED"]}]}},"_links":{"self":[{"href":"https:\/\/www.ammanu.com\/de\/wp-json\/wp\/v2\/pages\/16589"}],"collection":[{"href":"https:\/\/www.ammanu.com\/de\/wp-json\/wp\/v2\/pages"}],"about":[{"href":"https:\/\/www.ammanu.com\/de\/wp-json\/wp\/v2\/types\/page"}],"author":[{"embeddable":true,"href":"https:\/\/www.ammanu.com\/de\/wp-json\/wp\/v2\/users\/3"}],"replies":[{"embeddable":true,"href":"https:\/\/www.ammanu.com\/de\/wp-json\/wp\/v2\/comments?post=16589"}],"version-history":[{"count":2,"href":"https:\/\/www.ammanu.com\/de\/wp-json\/wp\/v2\/pages\/16589\/revisions"}],"predecessor-version":[{"id":16591,"href":"https:\/\/www.ammanu.com\/de\/wp-json\/wp\/v2\/pages\/16589\/revisions\/16591"}],"up":[{"embeddable":true,"href":"https:\/\/www.ammanu.com\/de\/wp-json\/wp\/v2\/pages\/16543"}],"wp:attachment":[{"href":"https:\/\/www.ammanu.com\/de\/wp-json\/wp\/v2\/media?parent=16589"}],"curies":[{"name":"wp","href":"https:\/\/api.w.org\/{rel}","templated":true}]}}