{"id":15996,"date":"2016-08-17T16:45:53","date_gmt":"2016-08-17T14:45:53","guid":{"rendered":"http:\/\/www.ammanu.com\/nl\/producten\/alpha-series\/"},"modified":"2023-10-24T14:31:30","modified_gmt":"2023-10-24T12:31:30","slug":"alpha-series","status":"publish","type":"page","link":"https:\/\/www.ammanu.com\/nl\/producten\/alpha-series\/","title":{"rendered":"Alpha Series"},"content":{"rendered":"<section class=\"wpb-content-wrapper\"><p>[vc_row css_animation=&#8221;&#8221; row_type=&#8221;row&#8221; use_row_as_full_screen_section=&#8221;no&#8221; type=&#8221;full_width&#8221; angled_section=&#8221;no&#8221; text_align=&#8221;left&#8221; background_image_as_pattern=&#8221;without_pattern&#8221;][vc_column][vc_empty_space height=&#8221;64px&#8221;][\/vc_column][\/vc_row][vc_row css_animation=&#8221;&#8221; row_type=&#8221;row&#8221; use_row_as_full_screen_section=&#8221;no&#8221; type=&#8221;grid&#8221; angled_section=&#8221;no&#8221; text_align=&#8221;left&#8221; background_image_as_pattern=&#8221;without_pattern&#8221;][vc_column width=&#8221;1\/2&#8243;][vc_single_image image=&#8221;15683&#8243; img_size=&#8221;full&#8221; qode_css_animation=&#8221;&#8221;][vc_row_inner row_type=&#8221;row&#8221; type=&#8221;full_width&#8221; text_align=&#8221;left&#8221; css_animation=&#8221;&#8221;][vc_column_inner][vc_empty_space height=&#8221;10px&#8221;][vc_gallery type=&#8221;image_grid&#8221; images=&#8221;16311,16310,15970,15973,16314,16995&#8243; img_size=&#8221;200&#215;200&#8243; column_number=&#8221;4&#8243; grayscale=&#8221;no&#8221; images_space=&#8221;gallery_with_space&#8221;][\/vc_column_inner][\/vc_row_inner][\/vc_column][vc_column width=&#8221;1\/2&#8243;][vc_column_text]De modellen uit de Alpha Serie vormen een nieuwe, frisse kijk op de conventionele inlegarmatuur. De Alpha serie biedt armaturen met algemeen, dynamische verlichting die optimaal is om bij te leren, werken en verblijven. De Alpha serie biedt veel voordelen op het gebied van ergonomie, duurzaamheid en kostenbesparing. De armaturen zijn in bijna elke situatie toepasbaar, zoals in scholen, kantoren, gezondheidszorg en openbare gebouwen.<\/p>\n<p>De Alpha Series armaturen zijn in vier verschillende modellen leverbaar en in elke gewenste lumen stroom tot wel 12000lm. Download hier uitgebreidere productinfo. Of kijk voor welke toepassingen onze armaturen inmiddels gebruikt zijn.[\/vc_column_text][vc_empty_space]<a  itemprop=\"url\" href=\"https:\/\/www.ammanu.com\/wp-content\/uploads\/2018\/11\/20181201-AMMANU-PRODUCTSHEET-ALPHA-SERIES-NL.pdf\" target=\"_blank\"  class=\"qbutton  default\" style=\"\">Download productinfo<i class=\"qode_icon_font_awesome fa fa-cloud-download qode_button_icon_element\" style=\"\" ><\/i><\/a>[\/vc_column][\/vc_row][vc_row css_animation=&#8221;&#8221; row_type=&#8221;row&#8221; use_row_as_full_screen_section=&#8221;no&#8221; type=&#8221;full_width&#8221; angled_section=&#8221;no&#8221; text_align=&#8221;left&#8221; background_image_as_pattern=&#8221;without_pattern&#8221;][vc_column width=&#8221;1\/3&#8243; offset=&#8221;vc_col-lg-offset-4 vc_col-lg-4&#8243; el_class=&#8221;center&#8221;][\/vc_column][\/vc_row][vc_row css_animation=&#8221;&#8221; row_type=&#8221;row&#8221; use_row_as_full_screen_section=&#8221;yes&#8221; type=&#8221;full_width&#8221; angled_section=&#8221;no&#8221; text_align=&#8221;left&#8221; background_image_as_pattern=&#8221;without_pattern&#8221;][vc_column][vc_empty_space height=&#8221;64px&#8221;][\/vc_column][vc_column][vc_row_inner row_type=&#8221;row&#8221; type=&#8221;full_width&#8221; text_align=&#8221;left&#8221; css_animation=&#8221;&#8221;][vc_column_inner][vc_column_text]<\/p>\n<h3 style=\"text-align: center;\">Geschikt voor de volgende toepassingen<\/h3>\n<p>[\/vc_column_text][vc_separator type=&#8221;small&#8221; position=&#8221;center&#8221; color=&#8221;#f16421&#8243;][vc_empty_space][\/vc_column_inner][\/vc_row_inner][vc_row_inner row_type=&#8221;row&#8221; type=&#8221;full_width&#8221; text_align=&#8221;left&#8221; css_animation=&#8221;&#8221;][vc_column_inner width=&#8221;1\/3&#8243; css=&#8221;.vc_custom_1471446011817{margin-right: 0px !important;margin-left: 0px !important;padding-right: 0px !important;padding-left: 0px !important;}&#8221;]<div class=\"q_image_with_text_over\"><div class=\"shader\" ><\/div><img itemprop=\"image\" src=\"https:\/\/www.ammanu.com\/wp-content\/uploads\/2019\/01\/AMMANU-Healthcare.jpg\" alt=\"Zorg<em>Optimale gezondheidszorg en optimaal lichtgaan hand in hand<\/em>\" \/><div class=\"text\"><table><tr><td><h3 class=\"caption no_icon\" style=\"\">Zorg<em>Optimale gezondheidszorg en optimaal lichtgaan hand in hand<\/em><\/h3><\/td><\/tr><\/table><table><tr><td><div class=\"desc\">Juist in de gezondheidszorg is de noodzaak voor goede en dynamische verlichting groot. Om het werk optimaal te kunnen doen en om de leefbaarheid in gezondheidsinstellingen sterk te verbeteren.<\/p>\n<p><a class=\"qbutton default\" style=\"margin: 0 5px 0 0;\" href=\"https:\/\/www.ammanu.com\/nl\/toepassingen\/zorg\/\" target=\"_self\" rel=\"noopener\">Ontdek meer\u00a0<\/a><\/div><\/td><\/tr><\/table><\/div><\/div>[\/vc_column_inner][vc_column_inner width=&#8221;1\/3&#8243; css=&#8221;.vc_custom_1471446019891{margin-right: 0px !important;margin-left: 0px !important;padding-right: 0px !important;padding-left: 0px !important;}&#8221;]<div class=\"q_image_with_text_over\"><div class=\"shader\" ><\/div><img itemprop=\"image\" src=\"https:\/\/www.ammanu.com\/wp-content\/uploads\/2019\/01\/AMMANU-schools.jpg\" alt=\"Onderwijs<em>Beter leren en presteren met AMMANU LED-oplossingen <\/em>\" \/><div class=\"text\"><table><tr><td><h3 class=\"caption no_icon\" style=\"\">Onderwijs<em>Beter leren en presteren met AMMANU LED-oplossingen <\/em><\/h3><\/td><\/tr><\/table><table><tr><td><div class=\"desc\">We brengen veel tijd door in de onderwijssetting en het is belangrijk dat we ons daar prettig voelen. Voldoende en dynamisch licht helpt hierbij en zorgt dat we ons beter kunnen concentreren en fit blijven. Ook als we de hele dag op school doorbrengen.<\/p>\n<p><a class=\"qbutton default\" style=\"margin: 0 5px 0 0;\" href=\"https:\/\/www.ammanu.com\/nl\/toepassingen\/zorg\/\" target=\"_self\" rel=\"noopener\">Ontdek meer<\/a><\/div><\/td><\/tr><\/table><\/div><\/div>[\/vc_column_inner][vc_column_inner width=&#8221;1\/3&#8243; css=&#8221;.vc_custom_1471446027766{margin-right: 0px !important;margin-left: 0px !important;padding-right: 0px !important;padding-left: 0px !important;}&#8221;]<div class=\"q_image_with_text_over\"><div class=\"shader\" ><\/div><img itemprop=\"image\" src=\"https:\/\/www.ammanu.com\/wp-content\/uploads\/2019\/01\/AMMANU-offices-1.jpg\" alt=\"Kantoor<em>LED-oplossingen voor het werken van morgen<\/em>\" \/><div class=\"text\"><table><tr><td><h3 class=\"caption no_icon\" style=\"\">Kantoor<em>LED-oplossingen voor het werken van morgen<\/em><\/h3><\/td><\/tr><\/table><table><tr><td><div class=\"desc\">Een inspirerende werkomgeving is niet alleen fijn, maar ook belangrijk. Werken met dynamisch licht zonder flikkering houdt medewerkers scherp gedurende de hele werkdag. Het zorgt voor een betere sfeer en meer output en dus voor een prettige werkomgeving.<\/p>\n<p><a class=\"qbutton default\" style=\"margin: 0 5px 0 0;\" href=\"https:\/\/www.ammanu.com\/nl\/toepassingen\/zorg\/\" target=\"_self\" rel=\"noopener\">Ontdek meer<\/a><\/div><\/td><\/tr><\/table><\/div><\/div>[\/vc_column_inner][\/vc_row_inner][vc_row_inner row_type=&#8221;row&#8221; type=&#8221;full_width&#8221; text_align=&#8221;left&#8221; css_animation=&#8221;&#8221;][vc_column_inner width=&#8221;1\/3&#8243; css=&#8221;.vc_custom_1471446011817{margin-right: 0px !important;margin-left: 0px !important;padding-right: 0px !important;padding-left: 0px !important;}&#8221;]<div class=\"q_image_with_text_over\"><div class=\"shader\" ><\/div><img itemprop=\"image\" src=\"https:\/\/www.ammanu.com\/wp-content\/uploads\/2019\/01\/AMMANU-Hospital-1.jpeg\" alt=\"Ziekenhuizen<em>Biodynamisch licht in een dynamische zorgomgeving: een beter en sneller herstel!<\/em>\" \/><div class=\"text\"><table><tr><td><h3 class=\"caption no_icon\" style=\"\">Ziekenhuizen<em>Biodynamisch licht in een dynamische zorgomgeving: een beter en sneller herstel!<\/em><\/h3><\/td><\/tr><\/table><table><tr><td><div class=\"desc\">Een ziekenhuis is een dynamische omgeving waar goede verlichting op verschillende manieren van belang is. Het personeel profiteert van een optimale werkomgeving en bezoekers van een prettige ambiance. Echter, van nog veel groter belang: de pati\u00ebnt. Een correcte dosis dynamisch licht zorgt ervoor dat een pati\u00ebnt sneller hersteld en op een juiste manier de dag door komt. Een snel herstel is voor zowel ziekenhuis als pati\u00ebnt van belang.<\/p>\n<p><a class=\"qbutton default\" style=\"margin: 0 5px 0 0;\" href=\"https:\/\/www.ammanu.com\/nl\/toepassingen\/ziekenhuizen\/\" target=\"_self\" rel=\"noopener\">Ontdek meer<\/a><\/div><\/td><\/tr><\/table><\/div><\/div>[\/vc_column_inner][vc_column_inner width=&#8221;1\/3&#8243; css=&#8221;.vc_custom_1471446019891{margin-right: 0px !important;margin-left: 0px !important;padding-right: 0px !important;padding-left: 0px !important;}&#8221;]<div class=\"q_image_with_text_over\"><div class=\"shader\" ><\/div><img itemprop=\"image\" src=\"https:\/\/www.ammanu.com\/wp-content\/uploads\/2018\/10\/Cleanroom-AMMANU-1.jpg\" alt=\"Cleanrooms &amp; laboratoria<em>Onderhoudsvrije armaturen met een zeer lange levensduur zijn van groot belang voor de continu\u00efteit binnen een gecontroleerde omgeving<\/em>\" \/><div class=\"text\"><table><tr><td><h3 class=\"caption no_icon\" style=\"\">Cleanrooms &amp; laboratoria<em>Onderhoudsvrije armaturen met een zeer lange levensduur zijn van groot belang voor de continu\u00efteit binnen een gecontroleerde omgeving<\/em><\/h3><\/td><\/tr><\/table><table><tr><td><div class=\"desc\">Binnen een cleanroom is het van belang dat u in een bacterievrije omgeving kunt werken welke onderhoudsvrij is. AMMANU heeft een cleanroom armatuur ontwikkeld welke vanaf de zichtzijde is afgeschermd, dit om schoonmaken te vereenvoudigen. Om stof en water tegen te houden is dit armatuur ook vanaf boven volledig afgeschermd. De drivers zijn op een centrale plek, separaat van het armatuur, geplaatst. Dit armatuur behoeft geen tussentijds onderhoud, hierdoor kan <strong>ten alle tijden<\/strong> een cleanroom ruimte worden gebruikt waarvoor die bedoeld is.<\/p>\n<p><a class=\"qbutton default\" style=\"margin: 0 5px 0 0;\" href=\"https:\/\/www.ammanu.com\/nl\/toepassingen\/cleanroom-2\/\" target=\"_self\" rel=\"noopener\">Ontdek meer<\/a><\/div><\/td><\/tr><\/table><\/div><\/div>[\/vc_column_inner][vc_column_inner width=&#8221;1\/3&#8243; css=&#8221;.vc_custom_1471446027766{margin-right: 0px !important;margin-left: 0px !important;padding-right: 0px !important;padding-left: 0px !important;}&#8221;]<div class=\"q_image_with_text_over\"><div class=\"shader\" ><\/div><img itemprop=\"image\" src=\"https:\/\/www.ammanu.com\/wp-content\/uploads\/2019\/01\/AMMANU-customs-1.jpg\" alt=\"Customs<em>Maatwerk lichtoplossingen; voor ieder licht-vraagstuk de juiste oplossing!<\/em>\" \/><div class=\"text\"><table><tr><td><h3 class=\"caption no_icon\" style=\"\">Customs<em>Maatwerk lichtoplossingen; voor ieder licht-vraagstuk de juiste oplossing!<\/em><\/h3><\/td><\/tr><\/table><table><tr><td><div class=\"desc\">Doordat we onze lichtoplossing geheel zelf produceren kunnen \u00e9n willen we flexibel met u meedenken. Heeft u een armatuur met afwijkende afmetingen nodig? Heeft u naast de dynamische wittinten (2700K \u2013 6500K) ook andere kleuren nodig? Dit zijn vraagstukken waarbij we u graag helpen!<\/p>\n<p><a class=\"qbutton default\" style=\"margin: 0 5px 0 0;\" href=\"https:\/\/www.ammanu.com\/nl\/toepassingen\/custom\/\" target=\"_self\" rel=\"noopener\">Ontdek meer<\/a><\/div><\/td><\/tr><\/table><\/div><\/div>[\/vc_column_inner][\/vc_row_inner][\/vc_column][\/vc_row]<\/p>\n<\/section>","protected":false},"excerpt":{"rendered":"<p>[vc_row css_animation=&#8221;&#8221; row_type=&#8221;row&#8221; use_row_as_full_screen_section=&#8221;no&#8221; type=&#8221;full_width&#8221; angled_section=&#8221;no&#8221; text_align=&#8221;left&#8221; background_image_as_pattern=&#8221;without_pattern&#8221;][vc_column][vc_empty_space height=&#8221;64px&#8221;][\/vc_column][\/vc_row][vc_row css_animation=&#8221;&#8221; row_type=&#8221;row&#8221; use_row_as_full_screen_section=&#8221;no&#8221; type=&#8221;grid&#8221; angled_section=&#8221;no&#8221; text_align=&#8221;left&#8221; background_image_as_pattern=&#8221;without_pattern&#8221;][vc_column width=&#8221;1\/2&#8243;][vc_single_image image=&#8221;15683&#8243; img_size=&#8221;full&#8221; qode_css_animation=&#8221;&#8221;][vc_row_inner row_type=&#8221;row&#8221; type=&#8221;full_width&#8221; text_align=&#8221;left&#8221; css_animation=&#8221;&#8221;][vc_column_inner][vc_empty_space height=&#8221;10px&#8221;][vc_gallery type=&#8221;image_grid&#8221; images=&#8221;16311,16310,15970,15973,16314,16995&#8243; img_size=&#8221;200&#215;200&#8243; column_number=&#8221;4&#8243; grayscale=&#8221;no&#8221; images_space=&#8221;gallery_with_space&#8221;][\/vc_column_inner][\/vc_row_inner][\/vc_column][vc_column width=&#8221;1\/2&#8243;][vc_column_text]De modellen uit de Alpha Serie vormen een nieuwe, frisse kijk op de conventionele&#8230;<\/p>\n","protected":false},"author":3,"featured_media":0,"parent":15978,"menu_order":0,"comment_status":"closed","ping_status":"closed","template":"full_width.php","meta":[],"yoast_head":"<!-- This site is optimized with the Yoast SEO plugin v20.0 - https:\/\/yoast.com\/wordpress\/plugins\/seo\/ -->\n<title>Alpha Series - AMMANU<\/title>\n<meta name=\"robots\" content=\"index, follow, max-snippet:-1, max-image-preview:large, max-video-preview:-1\" \/>\n<link rel=\"canonical\" href=\"https:\/\/www.ammanu.com\/nl\/producten\/alpha-series\/\" \/>\n<meta property=\"og:locale\" content=\"nl_NL\" \/>\n<meta property=\"og:type\" content=\"article\" \/>\n<meta property=\"og:title\" content=\"Alpha Series - AMMANU\" \/>\n<meta property=\"og:description\" content=\"[vc_row css_animation=&#8221;&#8221; row_type=&#8221;row&#8221; use_row_as_full_screen_section=&#8221;no&#8221; type=&#8221;full_width&#8221; angled_section=&#8221;no&#8221; text_align=&#8221;left&#8221; background_image_as_pattern=&#8221;without_pattern&#8221;][vc_column][vc_empty_space height=&#8221;64px&#8221;][\/vc_column][\/vc_row][vc_row css_animation=&#8221;&#8221; row_type=&#8221;row&#8221; use_row_as_full_screen_section=&#8221;no&#8221; type=&#8221;grid&#8221; angled_section=&#8221;no&#8221; text_align=&#8221;left&#8221; background_image_as_pattern=&#8221;without_pattern&#8221;][vc_column width=&#8221;1\/2&#8243;][vc_single_image image=&#8221;15683&#8243; img_size=&#8221;full&#8221; qode_css_animation=&#8221;&#8221;][vc_row_inner row_type=&#8221;row&#8221; type=&#8221;full_width&#8221; text_align=&#8221;left&#8221; css_animation=&#8221;&#8221;][vc_column_inner][vc_empty_space height=&#8221;10px&#8221;][vc_gallery type=&#8221;image_grid&#8221; images=&#8221;16311,16310,15970,15973,16314,16995&#8243; img_size=&#8221;200&#215;200&#8243; column_number=&#8221;4&#8243; grayscale=&#8221;no&#8221; images_space=&#8221;gallery_with_space&#8221;][\/vc_column_inner][\/vc_row_inner][\/vc_column][vc_column width=&#8221;1\/2&#8243;][vc_column_text]De modellen uit de Alpha Serie vormen een nieuwe, frisse kijk op de conventionele...\" \/>\n<meta property=\"og:url\" content=\"https:\/\/www.ammanu.com\/nl\/producten\/alpha-series\/\" \/>\n<meta property=\"og:site_name\" content=\"AMMANU\" \/>\n<meta property=\"article:modified_time\" content=\"2023-10-24T12:31:30+00:00\" \/>\n<meta name=\"twitter:card\" content=\"summary_large_image\" \/>\n<meta name=\"twitter:site\" content=\"@AmmanuLED\" \/>\n<meta name=\"twitter:label1\" content=\"Geschatte leestijd\" \/>\n\t<meta name=\"twitter:data1\" content=\"3 minuten\" \/>\n<script type=\"application\/ld+json\" class=\"yoast-schema-graph\">{\"@context\":\"https:\/\/schema.org\",\"@graph\":[{\"@type\":\"WebPage\",\"@id\":\"https:\/\/www.ammanu.com\/nl\/producten\/alpha-series\/\",\"url\":\"https:\/\/www.ammanu.com\/nl\/producten\/alpha-series\/\",\"name\":\"Alpha Series - AMMANU\",\"isPartOf\":{\"@id\":\"https:\/\/www.ammanu.com\/#website\"},\"datePublished\":\"2016-08-17T14:45:53+00:00\",\"dateModified\":\"2023-10-24T12:31:30+00:00\",\"breadcrumb\":{\"@id\":\"https:\/\/www.ammanu.com\/nl\/producten\/alpha-series\/#breadcrumb\"},\"inLanguage\":\"nl\",\"potentialAction\":[{\"@type\":\"ReadAction\",\"target\":[\"https:\/\/www.ammanu.com\/nl\/producten\/alpha-series\/\"]}]},{\"@type\":\"BreadcrumbList\",\"@id\":\"https:\/\/www.ammanu.com\/nl\/producten\/alpha-series\/#breadcrumb\",\"itemListElement\":[{\"@type\":\"ListItem\",\"position\":1,\"name\":\"Home\",\"item\":\"https:\/\/www.ammanu.com\/nl\/\"},{\"@type\":\"ListItem\",\"position\":2,\"name\":\"Producten\",\"item\":\"https:\/\/www.ammanu.com\/nl\/producten\/\"},{\"@type\":\"ListItem\",\"position\":3,\"name\":\"Alpha Series\"}]},{\"@type\":\"WebSite\",\"@id\":\"https:\/\/www.ammanu.com\/#website\",\"url\":\"https:\/\/www.ammanu.com\/\",\"name\":\"AMMANU\",\"description\":\"LED Intelligence\",\"publisher\":{\"@id\":\"https:\/\/www.ammanu.com\/#organization\"},\"potentialAction\":[{\"@type\":\"SearchAction\",\"target\":{\"@type\":\"EntryPoint\",\"urlTemplate\":\"https:\/\/www.ammanu.com\/?s={search_term_string}\"},\"query-input\":\"required name=search_term_string\"}],\"inLanguage\":\"nl\"},{\"@type\":\"Organization\",\"@id\":\"https:\/\/www.ammanu.com\/#organization\",\"name\":\"AMMANU LED-Intelligence\",\"url\":\"https:\/\/www.ammanu.com\/\",\"logo\":{\"@type\":\"ImageObject\",\"inLanguage\":\"nl\",\"@id\":\"https:\/\/www.ammanu.com\/#\/schema\/logo\/image\/\",\"url\":\"https:\/\/www.ammanu.com\/wp-content\/uploads\/2016\/08\/AMMANU-logo.png\",\"contentUrl\":\"https:\/\/www.ammanu.com\/wp-content\/uploads\/2016\/08\/AMMANU-logo.png\",\"width\":300,\"height\":48,\"caption\":\"AMMANU LED-Intelligence\"},\"image\":{\"@id\":\"https:\/\/www.ammanu.com\/#\/schema\/logo\/image\/\"},\"sameAs\":[\"http:\/\/nl.linkedin.com\/company\/ammanu\",\"https:\/\/uk.pinterest.com\/nielsleijten\/ammanu\/\",\"https:\/\/www.youtube.com\/channel\/UCfV00Ul3d9czFkqOd9kllUA\",\"https:\/\/twitter.com\/AmmanuLED\"]}]}<\/script>\n<!-- \/ Yoast SEO plugin. -->","yoast_head_json":{"title":"Alpha Series - AMMANU","robots":{"index":"index","follow":"follow","max-snippet":"max-snippet:-1","max-image-preview":"max-image-preview:large","max-video-preview":"max-video-preview:-1"},"canonical":"https:\/\/www.ammanu.com\/nl\/producten\/alpha-series\/","og_locale":"nl_NL","og_type":"article","og_title":"Alpha Series - AMMANU","og_description":"[vc_row css_animation=&#8221;&#8221; row_type=&#8221;row&#8221; use_row_as_full_screen_section=&#8221;no&#8221; type=&#8221;full_width&#8221; angled_section=&#8221;no&#8221; text_align=&#8221;left&#8221; background_image_as_pattern=&#8221;without_pattern&#8221;][vc_column][vc_empty_space height=&#8221;64px&#8221;][\/vc_column][\/vc_row][vc_row css_animation=&#8221;&#8221; row_type=&#8221;row&#8221; use_row_as_full_screen_section=&#8221;no&#8221; type=&#8221;grid&#8221; angled_section=&#8221;no&#8221; text_align=&#8221;left&#8221; background_image_as_pattern=&#8221;without_pattern&#8221;][vc_column width=&#8221;1\/2&#8243;][vc_single_image image=&#8221;15683&#8243; img_size=&#8221;full&#8221; qode_css_animation=&#8221;&#8221;][vc_row_inner row_type=&#8221;row&#8221; type=&#8221;full_width&#8221; text_align=&#8221;left&#8221; css_animation=&#8221;&#8221;][vc_column_inner][vc_empty_space height=&#8221;10px&#8221;][vc_gallery type=&#8221;image_grid&#8221; images=&#8221;16311,16310,15970,15973,16314,16995&#8243; img_size=&#8221;200&#215;200&#8243; column_number=&#8221;4&#8243; grayscale=&#8221;no&#8221; images_space=&#8221;gallery_with_space&#8221;][\/vc_column_inner][\/vc_row_inner][\/vc_column][vc_column width=&#8221;1\/2&#8243;][vc_column_text]De modellen uit de Alpha Serie vormen een nieuwe, frisse kijk op de conventionele...","og_url":"https:\/\/www.ammanu.com\/nl\/producten\/alpha-series\/","og_site_name":"AMMANU","article_modified_time":"2023-10-24T12:31:30+00:00","twitter_card":"summary_large_image","twitter_site":"@AmmanuLED","twitter_misc":{"Geschatte leestijd":"3 minuten"},"schema":{"@context":"https:\/\/schema.org","@graph":[{"@type":"WebPage","@id":"https:\/\/www.ammanu.com\/nl\/producten\/alpha-series\/","url":"https:\/\/www.ammanu.com\/nl\/producten\/alpha-series\/","name":"Alpha Series - AMMANU","isPartOf":{"@id":"https:\/\/www.ammanu.com\/#website"},"datePublished":"2016-08-17T14:45:53+00:00","dateModified":"2023-10-24T12:31:30+00:00","breadcrumb":{"@id":"https:\/\/www.ammanu.com\/nl\/producten\/alpha-series\/#breadcrumb"},"inLanguage":"nl","potentialAction":[{"@type":"ReadAction","target":["https:\/\/www.ammanu.com\/nl\/producten\/alpha-series\/"]}]},{"@type":"BreadcrumbList","@id":"https:\/\/www.ammanu.com\/nl\/producten\/alpha-series\/#breadcrumb","itemListElement":[{"@type":"ListItem","position":1,"name":"Home","item":"https:\/\/www.ammanu.com\/nl\/"},{"@type":"ListItem","position":2,"name":"Producten","item":"https:\/\/www.ammanu.com\/nl\/producten\/"},{"@type":"ListItem","position":3,"name":"Alpha Series"}]},{"@type":"WebSite","@id":"https:\/\/www.ammanu.com\/#website","url":"https:\/\/www.ammanu.com\/","name":"AMMANU","description":"LED Intelligence","publisher":{"@id":"https:\/\/www.ammanu.com\/#organization"},"potentialAction":[{"@type":"SearchAction","target":{"@type":"EntryPoint","urlTemplate":"https:\/\/www.ammanu.com\/?s={search_term_string}"},"query-input":"required name=search_term_string"}],"inLanguage":"nl"},{"@type":"Organization","@id":"https:\/\/www.ammanu.com\/#organization","name":"AMMANU LED-Intelligence","url":"https:\/\/www.ammanu.com\/","logo":{"@type":"ImageObject","inLanguage":"nl","@id":"https:\/\/www.ammanu.com\/#\/schema\/logo\/image\/","url":"https:\/\/www.ammanu.com\/wp-content\/uploads\/2016\/08\/AMMANU-logo.png","contentUrl":"https:\/\/www.ammanu.com\/wp-content\/uploads\/2016\/08\/AMMANU-logo.png","width":300,"height":48,"caption":"AMMANU LED-Intelligence"},"image":{"@id":"https:\/\/www.ammanu.com\/#\/schema\/logo\/image\/"},"sameAs":["http:\/\/nl.linkedin.com\/company\/ammanu","https:\/\/uk.pinterest.com\/nielsleijten\/ammanu\/","https:\/\/www.youtube.com\/channel\/UCfV00Ul3d9czFkqOd9kllUA","https:\/\/twitter.com\/AmmanuLED"]}]}},"_links":{"self":[{"href":"https:\/\/www.ammanu.com\/nl\/wp-json\/wp\/v2\/pages\/15996"}],"collection":[{"href":"https:\/\/www.ammanu.com\/nl\/wp-json\/wp\/v2\/pages"}],"about":[{"href":"https:\/\/www.ammanu.com\/nl\/wp-json\/wp\/v2\/types\/page"}],"author":[{"embeddable":true,"href":"https:\/\/www.ammanu.com\/nl\/wp-json\/wp\/v2\/users\/3"}],"replies":[{"embeddable":true,"href":"https:\/\/www.ammanu.com\/nl\/wp-json\/wp\/v2\/comments?post=15996"}],"version-history":[{"count":19,"href":"https:\/\/www.ammanu.com\/nl\/wp-json\/wp\/v2\/pages\/15996\/revisions"}],"predecessor-version":[{"id":18902,"href":"https:\/\/www.ammanu.com\/nl\/wp-json\/wp\/v2\/pages\/15996\/revisions\/18902"}],"up":[{"embeddable":true,"href":"https:\/\/www.ammanu.com\/nl\/wp-json\/wp\/v2\/pages\/15978"}],"wp:attachment":[{"href":"https:\/\/www.ammanu.com\/nl\/wp-json\/wp\/v2\/media?parent=15996"}],"curies":[{"name":"wp","href":"https:\/\/api.w.org\/{rel}","templated":true}]}}