{"id":16794,"date":"2018-10-24T10:50:30","date_gmt":"2018-10-24T08:50:30","guid":{"rendered":"https:\/\/www.ammanu.com\/?page_id=16794"},"modified":"2019-02-06T15:21:38","modified_gmt":"2019-02-06T14:21:38","slug":"ziekenhuizen","status":"publish","type":"page","link":"https:\/\/www.ammanu.com\/nl\/toepassingen\/ziekenhuizen\/","title":{"rendered":"Ziekenhuizen"},"content":{"rendered":"<section class=\"wpb-content-wrapper\"><p>[vc_row css_animation=&#8221;&#8221; row_type=&#8221;row&#8221; use_row_as_full_screen_section=&#8221;no&#8221; type=&#8221;full_width&#8221; angled_section=&#8221;no&#8221; text_align=&#8221;left&#8221; background_image_as_pattern=&#8221;without_pattern&#8221;][vc_column][vc_column_text]<\/p>\n<h1 style=\"text-align: center;\">Ziekenhuizen<\/h1>\n<p>[\/vc_column_text][vc_separator type=&#8221;small&#8221; position=&#8221;center&#8221; color=&#8221;#f16421&#8243;][vc_column_text]<\/p>\n<p style=\"text-align: center;\"><strong><em>Biodynamisch licht in een dynamische zorgomgeving: een sneller herstel!<\/em><\/strong><\/p>\n<p style=\"text-align: center;\">Een ziekenhuis is een dynamische omgeving waar goede verlichting op verschillende manieren van belang is. Het personeel profiteert van een optimale werkomgeving en bezoekers van een prettige ambiance. Echter, van nog veel groter belang: de pati\u00ebnt. Een correcte dosis dynamisch licht zorgt ervoor dat een pati\u00ebnt sneller hersteld en op een juiste manier de dag door komt. Een snel herstel is voor zowel ziekenhuis als pati\u00ebnt van belang.<\/p>\n<p style=\"text-align: center;\">Operatiekamers<\/p>\n<p style=\"text-align: center;\">De operatiekamer, \u00e9\u00e9n van de belangrijkste ruimtes binnen een ziekenhuis. Niet alleen omdat in deze ruimte (hopelijk) personen worden genezen. Maar ook omdat dit het \u2018hart\u2019 van het ziekenhuis is. De feitelijke operatiekamer is een afgeschermd gebied in het OK-centrum. Die afscherming dient om de steriliteit zo veel mogelijk te waarborgen en daarmee de &#8216;kwaliteit&#8217; van de operatie zo hoog mogelijk te houden.<\/p>\n<p style=\"text-align: center;\">Met AMMANU OK-verlichting\u00a0kan de kleurtemperatuur (geel-wit t\/m blauw-wit, rood\u00a0 &amp; groen), intensiteit en lichtsterkte (tot 2000 lux)\u00a0flexibel\u00a0worden gecontroleerd. Dit is\u00a0per gebied\u00a0in een OK in te stellen. Hiermee wordt een\u00a0optimaal werkklimaat\u00a0voor het gehele operatieteam gerealiseerd. Met dit hulpmiddel zal het ultieme einddoel sneller worden bereikt: de pati\u00ebnt helpen!<\/p>\n<p>[\/vc_column_text][vc_empty_space height=&#8221;64px&#8221;][\/vc_column][\/vc_row][vc_row css_animation=&#8221;&#8221; row_type=&#8221;row&#8221; use_row_as_full_screen_section=&#8221;no&#8221; type=&#8221;full_width&#8221; angled_section=&#8221;no&#8221; text_align=&#8221;left&#8221; background_image_as_pattern=&#8221;without_pattern&#8221;][vc_column][vc_column_text]<\/p>\n<h1 style=\"text-align: center;\">Intensive care<\/h1>\n<p>[\/vc_column_text][\/vc_column][\/vc_row][vc_row css_animation=&#8221;&#8221; row_type=&#8221;row&#8221; use_row_as_full_screen_section=&#8221;no&#8221; type=&#8221;full_width&#8221; angled_section=&#8221;no&#8221; text_align=&#8221;left&#8221; background_image_as_pattern=&#8221;without_pattern&#8221;][vc_column][vc_empty_space height=&#8221;30px&#8221;][\/vc_column][\/vc_row][vc_row css_animation=&#8221;&#8221; row_type=&#8221;row&#8221; use_row_as_full_screen_section=&#8221;no&#8221; type=&#8221;full_width&#8221; angled_section=&#8221;no&#8221; text_align=&#8221;left&#8221; background_image_as_pattern=&#8221;without_pattern&#8221;][vc_column width=&#8221;1\/2&#8243;][vc_single_image image=&#8221;16800&#8243; img_size=&#8221;535&#215;450&#8243; onclick=&#8221;link_image&#8221; qode_css_animation=&#8221;&#8221;][\/vc_column][vc_column width=&#8221;1\/2&#8243;][vc_single_image image=&#8221;16797&#8243; img_size=&#8221;535&#215;450&#8243; onclick=&#8221;link_image&#8221; qode_css_animation=&#8221;&#8221;][\/vc_column][\/vc_row][vc_row css_animation=&#8221;&#8221; row_type=&#8221;row&#8221; use_row_as_full_screen_section=&#8221;no&#8221; type=&#8221;full_width&#8221; angled_section=&#8221;no&#8221; text_align=&#8221;left&#8221; background_image_as_pattern=&#8221;without_pattern&#8221;][vc_column][vc_empty_space height=&#8221;30px&#8221;][\/vc_column][\/vc_row][vc_row css_animation=&#8221;&#8221; row_type=&#8221;row&#8221; use_row_as_full_screen_section=&#8221;no&#8221; type=&#8221;full_width&#8221; angled_section=&#8221;no&#8221; text_align=&#8221;left&#8221; background_image_as_pattern=&#8221;without_pattern&#8221;][vc_column width=&#8221;1\/2&#8243;][vc_single_image image=&#8221;16803&#8243; img_size=&#8221;535&#215;450&#8243; onclick=&#8221;link_image&#8221; qode_css_animation=&#8221;&#8221;][\/vc_column][vc_column width=&#8221;1\/2&#8243;][vc_single_image image=&#8221;16820&#8243; img_size=&#8221;535&#215;450&#8243; onclick=&#8221;link_image&#8221; qode_css_animation=&#8221;&#8221;][\/vc_column][\/vc_row][vc_row css_animation=&#8221;&#8221; row_type=&#8221;row&#8221; use_row_as_full_screen_section=&#8221;no&#8221; type=&#8221;full_width&#8221; angled_section=&#8221;no&#8221; text_align=&#8221;left&#8221; background_image_as_pattern=&#8221;without_pattern&#8221;][vc_column][vc_empty_space height=&#8221;64px&#8221;][\/vc_column][\/vc_row][vc_row css_animation=&#8221;&#8221; row_type=&#8221;row&#8221; use_row_as_full_screen_section=&#8221;no&#8221; type=&#8221;full_width&#8221; angled_section=&#8221;no&#8221; text_align=&#8221;left&#8221; background_image_as_pattern=&#8221;without_pattern&#8221;][vc_column][vc_column_text]<\/p>\n<h1 style=\"text-align: center;\">Operatiekamers<\/h1>\n<p>[\/vc_column_text][\/vc_column][\/vc_row][vc_row css_animation=&#8221;&#8221; row_type=&#8221;row&#8221; use_row_as_full_screen_section=&#8221;no&#8221; type=&#8221;full_width&#8221; angled_section=&#8221;no&#8221; text_align=&#8221;left&#8221; background_image_as_pattern=&#8221;without_pattern&#8221;][vc_column][vc_empty_space height=&#8221;64px&#8221;][\/vc_column][\/vc_row][vc_row css_animation=&#8221;&#8221; row_type=&#8221;row&#8221; use_row_as_full_screen_section=&#8221;no&#8221; type=&#8221;full_width&#8221; angled_section=&#8221;no&#8221; text_align=&#8221;left&#8221; background_image_as_pattern=&#8221;without_pattern&#8221;][vc_column width=&#8221;1\/2&#8243;][vc_single_image image=&#8221;16812&#8243; img_size=&#8221;535&#215;253&#8243; onclick=&#8221;link_image&#8221; qode_css_animation=&#8221;&#8221;][\/vc_column][vc_column width=&#8221;1\/2&#8243;][vc_single_image image=&#8221;16806&#8243; img_size=&#8221;535&#215;253&#8243; onclick=&#8221;link_image&#8221; qode_css_animation=&#8221;&#8221;][\/vc_column][\/vc_row][vc_row css_animation=&#8221;&#8221; row_type=&#8221;row&#8221; use_row_as_full_screen_section=&#8221;no&#8221; type=&#8221;full_width&#8221; angled_section=&#8221;no&#8221; text_align=&#8221;left&#8221; background_image_as_pattern=&#8221;without_pattern&#8221;][vc_column][vc_empty_space height=&#8221;64px&#8221;][\/vc_column][\/vc_row][vc_row css_animation=&#8221;&#8221; row_type=&#8221;row&#8221; use_row_as_full_screen_section=&#8221;no&#8221; type=&#8221;full_width&#8221; angled_section=&#8221;no&#8221; text_align=&#8221;left&#8221; background_image_as_pattern=&#8221;without_pattern&#8221;][vc_column]<div class=\"call_to_action normal\" style=\"background-color: #ffffff;\"><div class=\"container_inner\"><div class=\"two_columns_75_25 clearfix\"><div class=\"text_wrapper column1\"><div class=\"call_to_action_text \" style=\"\">\n<h1 style=\"text-align: right;\"><a href=\"https:\/\/www.ammanu.com\/nl\/contact\/\">Neem contact op met \u00e9\u00e9n van onze experts<\/a><\/h1>\n<\/div><\/div><\/div><\/div><\/div>[\/vc_column][\/vc_row]<\/p>\n<\/section>","protected":false},"excerpt":{"rendered":"<p>[vc_row css_animation=&#8221;&#8221; row_type=&#8221;row&#8221; use_row_as_full_screen_section=&#8221;no&#8221; type=&#8221;full_width&#8221; angled_section=&#8221;no&#8221; text_align=&#8221;left&#8221; background_image_as_pattern=&#8221;without_pattern&#8221;][vc_column][vc_column_text] Ziekenhuizen [\/vc_column_text][vc_separator type=&#8221;small&#8221; position=&#8221;center&#8221; color=&#8221;#f16421&#8243;][vc_column_text] Biodynamisch licht in een dynamische zorgomgeving: een sneller herstel! Een ziekenhuis is een dynamische omgeving waar goede verlichting op verschillende manieren van belang is. Het personeel profiteert van een optimale werkomgeving en&#8230;<\/p>\n","protected":false},"author":3,"featured_media":0,"parent":15985,"menu_order":0,"comment_status":"closed","ping_status":"closed","template":"","meta":[],"yoast_head":"<!-- This site is optimized with the Yoast SEO plugin v20.0 - https:\/\/yoast.com\/wordpress\/plugins\/seo\/ -->\n<title>Ziekenhuizen - AMMANU<\/title>\n<meta name=\"description\" content=\"Biodynamisch licht in een dynamische herstelomgeving: een beter en sneller herstel!\" \/>\n<meta name=\"robots\" content=\"index, follow, max-snippet:-1, max-image-preview:large, max-video-preview:-1\" \/>\n<link rel=\"canonical\" href=\"https:\/\/www.ammanu.com\/nl\/toepassingen\/ziekenhuizen\/\" \/>\n<meta property=\"og:locale\" content=\"nl_NL\" \/>\n<meta property=\"og:type\" content=\"article\" \/>\n<meta property=\"og:title\" content=\"Ziekenhuizen - AMMANU\" \/>\n<meta property=\"og:description\" content=\"Biodynamisch licht in een dynamische herstelomgeving: een beter en sneller herstel!\" \/>\n<meta property=\"og:url\" content=\"https:\/\/www.ammanu.com\/nl\/toepassingen\/ziekenhuizen\/\" \/>\n<meta property=\"og:site_name\" content=\"AMMANU\" \/>\n<meta property=\"article:modified_time\" content=\"2019-02-06T14:21:38+00:00\" \/>\n<meta name=\"twitter:card\" content=\"summary_large_image\" \/>\n<meta name=\"twitter:site\" content=\"@AmmanuLED\" \/>\n<meta name=\"twitter:label1\" content=\"Geschatte leestijd\" \/>\n\t<meta name=\"twitter:data1\" content=\"4 minuten\" \/>\n<script type=\"application\/ld+json\" class=\"yoast-schema-graph\">{\"@context\":\"https:\/\/schema.org\",\"@graph\":[{\"@type\":\"WebPage\",\"@id\":\"https:\/\/www.ammanu.com\/nl\/toepassingen\/ziekenhuizen\/\",\"url\":\"https:\/\/www.ammanu.com\/nl\/toepassingen\/ziekenhuizen\/\",\"name\":\"Ziekenhuizen - AMMANU\",\"isPartOf\":{\"@id\":\"https:\/\/www.ammanu.com\/#website\"},\"datePublished\":\"2018-10-24T08:50:30+00:00\",\"dateModified\":\"2019-02-06T14:21:38+00:00\",\"description\":\"Biodynamisch licht in een dynamische herstelomgeving: een beter en sneller herstel!\",\"breadcrumb\":{\"@id\":\"https:\/\/www.ammanu.com\/nl\/toepassingen\/ziekenhuizen\/#breadcrumb\"},\"inLanguage\":\"nl\",\"potentialAction\":[{\"@type\":\"ReadAction\",\"target\":[\"https:\/\/www.ammanu.com\/nl\/toepassingen\/ziekenhuizen\/\"]}]},{\"@type\":\"BreadcrumbList\",\"@id\":\"https:\/\/www.ammanu.com\/nl\/toepassingen\/ziekenhuizen\/#breadcrumb\",\"itemListElement\":[{\"@type\":\"ListItem\",\"position\":1,\"name\":\"Home\",\"item\":\"https:\/\/www.ammanu.com\/nl\/\"},{\"@type\":\"ListItem\",\"position\":2,\"name\":\"Ammanu toepassingen\",\"item\":\"https:\/\/www.ammanu.com\/nl\/toepassingen\/\"},{\"@type\":\"ListItem\",\"position\":3,\"name\":\"Ziekenhuizen\"}]},{\"@type\":\"WebSite\",\"@id\":\"https:\/\/www.ammanu.com\/#website\",\"url\":\"https:\/\/www.ammanu.com\/\",\"name\":\"AMMANU\",\"description\":\"LED Intelligence\",\"publisher\":{\"@id\":\"https:\/\/www.ammanu.com\/#organization\"},\"potentialAction\":[{\"@type\":\"SearchAction\",\"target\":{\"@type\":\"EntryPoint\",\"urlTemplate\":\"https:\/\/www.ammanu.com\/?s={search_term_string}\"},\"query-input\":\"required name=search_term_string\"}],\"inLanguage\":\"nl\"},{\"@type\":\"Organization\",\"@id\":\"https:\/\/www.ammanu.com\/#organization\",\"name\":\"AMMANU LED-Intelligence\",\"url\":\"https:\/\/www.ammanu.com\/\",\"logo\":{\"@type\":\"ImageObject\",\"inLanguage\":\"nl\",\"@id\":\"https:\/\/www.ammanu.com\/#\/schema\/logo\/image\/\",\"url\":\"https:\/\/www.ammanu.com\/wp-content\/uploads\/2016\/08\/AMMANU-logo.png\",\"contentUrl\":\"https:\/\/www.ammanu.com\/wp-content\/uploads\/2016\/08\/AMMANU-logo.png\",\"width\":300,\"height\":48,\"caption\":\"AMMANU LED-Intelligence\"},\"image\":{\"@id\":\"https:\/\/www.ammanu.com\/#\/schema\/logo\/image\/\"},\"sameAs\":[\"http:\/\/nl.linkedin.com\/company\/ammanu\",\"https:\/\/uk.pinterest.com\/nielsleijten\/ammanu\/\",\"https:\/\/www.youtube.com\/channel\/UCfV00Ul3d9czFkqOd9kllUA\",\"https:\/\/twitter.com\/AmmanuLED\"]}]}<\/script>\n<!-- \/ Yoast SEO plugin. -->","yoast_head_json":{"title":"Ziekenhuizen - AMMANU","description":"Biodynamisch licht in een dynamische herstelomgeving: een beter en sneller herstel!","robots":{"index":"index","follow":"follow","max-snippet":"max-snippet:-1","max-image-preview":"max-image-preview:large","max-video-preview":"max-video-preview:-1"},"canonical":"https:\/\/www.ammanu.com\/nl\/toepassingen\/ziekenhuizen\/","og_locale":"nl_NL","og_type":"article","og_title":"Ziekenhuizen - AMMANU","og_description":"Biodynamisch licht in een dynamische herstelomgeving: een beter en sneller herstel!","og_url":"https:\/\/www.ammanu.com\/nl\/toepassingen\/ziekenhuizen\/","og_site_name":"AMMANU","article_modified_time":"2019-02-06T14:21:38+00:00","twitter_card":"summary_large_image","twitter_site":"@AmmanuLED","twitter_misc":{"Geschatte leestijd":"4 minuten"},"schema":{"@context":"https:\/\/schema.org","@graph":[{"@type":"WebPage","@id":"https:\/\/www.ammanu.com\/nl\/toepassingen\/ziekenhuizen\/","url":"https:\/\/www.ammanu.com\/nl\/toepassingen\/ziekenhuizen\/","name":"Ziekenhuizen - AMMANU","isPartOf":{"@id":"https:\/\/www.ammanu.com\/#website"},"datePublished":"2018-10-24T08:50:30+00:00","dateModified":"2019-02-06T14:21:38+00:00","description":"Biodynamisch licht in een dynamische herstelomgeving: een beter en sneller herstel!","breadcrumb":{"@id":"https:\/\/www.ammanu.com\/nl\/toepassingen\/ziekenhuizen\/#breadcrumb"},"inLanguage":"nl","potentialAction":[{"@type":"ReadAction","target":["https:\/\/www.ammanu.com\/nl\/toepassingen\/ziekenhuizen\/"]}]},{"@type":"BreadcrumbList","@id":"https:\/\/www.ammanu.com\/nl\/toepassingen\/ziekenhuizen\/#breadcrumb","itemListElement":[{"@type":"ListItem","position":1,"name":"Home","item":"https:\/\/www.ammanu.com\/nl\/"},{"@type":"ListItem","position":2,"name":"Ammanu toepassingen","item":"https:\/\/www.ammanu.com\/nl\/toepassingen\/"},{"@type":"ListItem","position":3,"name":"Ziekenhuizen"}]},{"@type":"WebSite","@id":"https:\/\/www.ammanu.com\/#website","url":"https:\/\/www.ammanu.com\/","name":"AMMANU","description":"LED Intelligence","publisher":{"@id":"https:\/\/www.ammanu.com\/#organization"},"potentialAction":[{"@type":"SearchAction","target":{"@type":"EntryPoint","urlTemplate":"https:\/\/www.ammanu.com\/?s={search_term_string}"},"query-input":"required name=search_term_string"}],"inLanguage":"nl"},{"@type":"Organization","@id":"https:\/\/www.ammanu.com\/#organization","name":"AMMANU LED-Intelligence","url":"https:\/\/www.ammanu.com\/","logo":{"@type":"ImageObject","inLanguage":"nl","@id":"https:\/\/www.ammanu.com\/#\/schema\/logo\/image\/","url":"https:\/\/www.ammanu.com\/wp-content\/uploads\/2016\/08\/AMMANU-logo.png","contentUrl":"https:\/\/www.ammanu.com\/wp-content\/uploads\/2016\/08\/AMMANU-logo.png","width":300,"height":48,"caption":"AMMANU LED-Intelligence"},"image":{"@id":"https:\/\/www.ammanu.com\/#\/schema\/logo\/image\/"},"sameAs":["http:\/\/nl.linkedin.com\/company\/ammanu","https:\/\/uk.pinterest.com\/nielsleijten\/ammanu\/","https:\/\/www.youtube.com\/channel\/UCfV00Ul3d9czFkqOd9kllUA","https:\/\/twitter.com\/AmmanuLED"]}]}},"_links":{"self":[{"href":"https:\/\/www.ammanu.com\/nl\/wp-json\/wp\/v2\/pages\/16794"}],"collection":[{"href":"https:\/\/www.ammanu.com\/nl\/wp-json\/wp\/v2\/pages"}],"about":[{"href":"https:\/\/www.ammanu.com\/nl\/wp-json\/wp\/v2\/types\/page"}],"author":[{"embeddable":true,"href":"https:\/\/www.ammanu.com\/nl\/wp-json\/wp\/v2\/users\/3"}],"replies":[{"embeddable":true,"href":"https:\/\/www.ammanu.com\/nl\/wp-json\/wp\/v2\/comments?post=16794"}],"version-history":[{"count":7,"href":"https:\/\/www.ammanu.com\/nl\/wp-json\/wp\/v2\/pages\/16794\/revisions"}],"predecessor-version":[{"id":17499,"href":"https:\/\/www.ammanu.com\/nl\/wp-json\/wp\/v2\/pages\/16794\/revisions\/17499"}],"up":[{"embeddable":true,"href":"https:\/\/www.ammanu.com\/nl\/wp-json\/wp\/v2\/pages\/15985"}],"wp:attachment":[{"href":"https:\/\/www.ammanu.com\/nl\/wp-json\/wp\/v2\/media?parent=16794"}],"curies":[{"name":"wp","href":"https:\/\/api.w.org\/{rel}","templated":true}]}}